{"id":182,"date":"2020-01-29T22:52:01","date_gmt":"2020-01-29T21:52:01","guid":{"rendered":"https:\/\/urban-history.eu\/urban-history\/"},"modified":"2020-07-01T16:45:27","modified_gmt":"2020-07-01T14:45:27","slug":"urban-history","status":"publish","type":"page","link":"https:\/\/urban-history.eu\/de","title":{"rendered":"Home"},"content":{"rendered":"\n<h1 class=\"has-text-align-center wp-block-heading\"><strong>Alles, was wichtig ist<\/strong><\/h1>\n\n\n\n<div class=\"wp-block-columns is-layout-flex wp-container-core-columns-is-layout-9d6595d7 wp-block-columns-is-layout-flex\">\n<div class=\"wp-block-column is-layout-flow wp-block-column-is-layout-flow\">\n<p><span class=\"ub--urban\">urban<\/span> <span class=\"ub--history\">history<\/span> wurde vor \u00fcber 20 Jahren von den Historikern Dr. Markus Urban und Daniel G\u00fcrtler gegr\u00fcndet. Gemeinsam mit unserem gro\u00dfen Team von Mitarbeitern bieten wir professionelle Vortr\u00e4ge f\u00fcr deutsch- und englischsprachige G\u00e4ste an Bord von Flusskreuzfahrtschiffen in ganz Europa an.<\/p>\n<\/div>\n\n\n\n<div class=\"wp-block-column is-layout-flow wp-block-column-is-layout-flow\">\n<p>Unsere Vortr\u00e4ge auf Rhein, Main und Donau sind \u201eInfotainment\u201c im besten Sinne: Akademisch recherchiert, unterhaltsam pr\u00e4sentiert und f\u00fcr alle Wissensniveaus geeignet. Wir behandeln historisch-politische Themen und schaffen einen einzigartigen Rahmen, um die verschiedenen Stationen einer Reise besser zu verstehen.<\/p>\n<\/div>\n\n\n\n<div class=\"wp-block-column is-layout-flow wp-block-column-is-layout-flow\">\n<p>Flexibilit\u00e4t geh\u00f6rt zum Kern unserer Marke. Themen, Zeiten und Orte passen wir stets individuell den W\u00fcnschen unserer Auftraggeber an.<\/p>\n<\/div>\n<\/div>\n\n\n\n<p><\/p>\n","protected":false},"excerpt":{"rendered":"<p>Alles, was wichtig ist wurde vor \u00fcber 20 Jahren von den Historikern Dr. Markus Urban und Daniel G\u00fcrtler gegr\u00fcndet. Gemeinsam mit unserem gro\u00dfen Team von Mitarbeitern bieten wir professionelle Vortr\u00e4ge f\u00fcr deutsch- und englischsprachige G\u00e4ste an Bord von Flusskreuzfahrtschiffen in ganz Europa an. Unsere Vortr\u00e4ge auf Rhein, Main und Donau sind \u201eInfotainment\u201c im besten Sinne: [&hellip;]<\/p>\n","protected":false},"author":1,"featured_media":166,"parent":0,"menu_order":0,"comment_status":"closed","ping_status":"closed","template":"","meta":{"footnotes":""},"class_list":["post-182","page","type-page","status-publish","has-post-thumbnail","hentry"],"yoast_head":"<!-- This site is optimized with the Yoast SEO plugin v27.4 - https:\/\/yoast.com\/product\/yoast-seo-wordpress\/ -->\n<title>Home - urban history<\/title>\n<meta name=\"robots\" content=\"index, follow, max-snippet:-1, max-image-preview:large, max-video-preview:-1\" \/>\n<link rel=\"canonical\" href=\"https:\/\/urban-history.eu\/de\" \/>\n<meta property=\"og:locale\" content=\"de_DE\" \/>\n<meta property=\"og:type\" content=\"article\" \/>\n<meta property=\"og:title\" content=\"Home - urban history\" \/>\n<meta property=\"og:description\" content=\"Alles, was wichtig ist wurde vor \u00fcber 20 Jahren von den Historikern Dr. Markus Urban und Daniel G\u00fcrtler gegr\u00fcndet. Gemeinsam mit unserem gro\u00dfen Team von Mitarbeitern bieten wir professionelle Vortr\u00e4ge f\u00fcr deutsch- und englischsprachige G\u00e4ste an Bord von Flusskreuzfahrtschiffen in ganz Europa an. Unsere Vortr\u00e4ge auf Rhein, Main und Donau sind \u201eInfotainment\u201c im besten Sinne: [&hellip;]\" \/>\n<meta property=\"og:url\" content=\"https:\/\/urban-history.eu\/de\" \/>\n<meta property=\"og:site_name\" content=\"urban history\" \/>\n<meta property=\"article:modified_time\" content=\"2020-07-01T14:45:27+00:00\" \/>\n<meta property=\"og:image\" content=\"https:\/\/urban-history.eu\/wp-content\/uploads\/2020\/01\/urban-history-img1.jpg\" \/>\n\t<meta property=\"og:image:width\" content=\"1800\" \/>\n\t<meta property=\"og:image:height\" content=\"578\" \/>\n\t<meta property=\"og:image:type\" content=\"image\/jpeg\" \/>\n<meta name=\"twitter:card\" content=\"summary_large_image\" \/>\n<meta name=\"twitter:label1\" content=\"Gesch\u00e4tzte Lesezeit\" \/>\n\t<meta name=\"twitter:data1\" content=\"1\u00a0Minute\" \/>\n<script type=\"application\/ld+json\" class=\"yoast-schema-graph\">{\"@context\":\"https:\\\/\\\/schema.org\",\"@graph\":[{\"@type\":\"WebPage\",\"@id\":\"https:\\\/\\\/urban-history.eu\\\/de\",\"url\":\"https:\\\/\\\/urban-history.eu\\\/de\",\"name\":\"Home - urban history\",\"isPartOf\":{\"@id\":\"https:\\\/\\\/urban-history.eu\\\/#website\"},\"primaryImageOfPage\":{\"@id\":\"https:\\\/\\\/urban-history.eu\\\/de#primaryimage\"},\"image\":{\"@id\":\"https:\\\/\\\/urban-history.eu\\\/de#primaryimage\"},\"thumbnailUrl\":\"https:\\\/\\\/urban-history.eu\\\/wp-content\\\/uploads\\\/2020\\\/01\\\/urban-history-img1.jpg\",\"datePublished\":\"2020-01-29T21:52:01+00:00\",\"dateModified\":\"2020-07-01T14:45:27+00:00\",\"breadcrumb\":{\"@id\":\"https:\\\/\\\/urban-history.eu\\\/de#breadcrumb\"},\"inLanguage\":\"de\",\"potentialAction\":[{\"@type\":\"ReadAction\",\"target\":[\"https:\\\/\\\/urban-history.eu\\\/de\"]}]},{\"@type\":\"ImageObject\",\"inLanguage\":\"de\",\"@id\":\"https:\\\/\\\/urban-history.eu\\\/de#primaryimage\",\"url\":\"https:\\\/\\\/urban-history.eu\\\/wp-content\\\/uploads\\\/2020\\\/01\\\/urban-history-img1.jpg\",\"contentUrl\":\"https:\\\/\\\/urban-history.eu\\\/wp-content\\\/uploads\\\/2020\\\/01\\\/urban-history-img1.jpg\",\"width\":1800,\"height\":578},{\"@type\":\"BreadcrumbList\",\"@id\":\"https:\\\/\\\/urban-history.eu\\\/de#breadcrumb\",\"itemListElement\":[{\"@type\":\"ListItem\",\"position\":1,\"name\":\"Startseite\",\"item\":\"https:\\\/\\\/urban-history.eu\\\/de\"},{\"@type\":\"ListItem\",\"position\":2,\"name\":\"Home\"}]},{\"@type\":\"WebSite\",\"@id\":\"https:\\\/\\\/urban-history.eu\\\/#website\",\"url\":\"https:\\\/\\\/urban-history.eu\\\/\",\"name\":\"urban history\",\"description\":\"Dr. Markus Urban &amp; Daniel G\u00fcrtler GbR\",\"potentialAction\":[{\"@type\":\"SearchAction\",\"target\":{\"@type\":\"EntryPoint\",\"urlTemplate\":\"https:\\\/\\\/urban-history.eu\\\/?s={search_term_string}\"},\"query-input\":{\"@type\":\"PropertyValueSpecification\",\"valueRequired\":true,\"valueName\":\"search_term_string\"}}],\"inLanguage\":\"de\"}]}<\/script>\n<!-- \/ Yoast SEO plugin. -->","yoast_head_json":{"title":"Home - urban history","robots":{"index":"index","follow":"follow","max-snippet":"max-snippet:-1","max-image-preview":"max-image-preview:large","max-video-preview":"max-video-preview:-1"},"canonical":"https:\/\/urban-history.eu\/de","og_locale":"de_DE","og_type":"article","og_title":"Home - urban history","og_description":"Alles, was wichtig ist wurde vor \u00fcber 20 Jahren von den Historikern Dr. Markus Urban und Daniel G\u00fcrtler gegr\u00fcndet. Gemeinsam mit unserem gro\u00dfen Team von Mitarbeitern bieten wir professionelle Vortr\u00e4ge f\u00fcr deutsch- und englischsprachige G\u00e4ste an Bord von Flusskreuzfahrtschiffen in ganz Europa an. Unsere Vortr\u00e4ge auf Rhein, Main und Donau sind \u201eInfotainment\u201c im besten Sinne: [&hellip;]","og_url":"https:\/\/urban-history.eu\/de","og_site_name":"urban history","article_modified_time":"2020-07-01T14:45:27+00:00","og_image":[{"width":1800,"height":578,"url":"https:\/\/urban-history.eu\/wp-content\/uploads\/2020\/01\/urban-history-img1.jpg","type":"image\/jpeg"}],"twitter_card":"summary_large_image","twitter_misc":{"Gesch\u00e4tzte Lesezeit":"1\u00a0Minute"},"schema":{"@context":"https:\/\/schema.org","@graph":[{"@type":"WebPage","@id":"https:\/\/urban-history.eu\/de","url":"https:\/\/urban-history.eu\/de","name":"Home - urban history","isPartOf":{"@id":"https:\/\/urban-history.eu\/#website"},"primaryImageOfPage":{"@id":"https:\/\/urban-history.eu\/de#primaryimage"},"image":{"@id":"https:\/\/urban-history.eu\/de#primaryimage"},"thumbnailUrl":"https:\/\/urban-history.eu\/wp-content\/uploads\/2020\/01\/urban-history-img1.jpg","datePublished":"2020-01-29T21:52:01+00:00","dateModified":"2020-07-01T14:45:27+00:00","breadcrumb":{"@id":"https:\/\/urban-history.eu\/de#breadcrumb"},"inLanguage":"de","potentialAction":[{"@type":"ReadAction","target":["https:\/\/urban-history.eu\/de"]}]},{"@type":"ImageObject","inLanguage":"de","@id":"https:\/\/urban-history.eu\/de#primaryimage","url":"https:\/\/urban-history.eu\/wp-content\/uploads\/2020\/01\/urban-history-img1.jpg","contentUrl":"https:\/\/urban-history.eu\/wp-content\/uploads\/2020\/01\/urban-history-img1.jpg","width":1800,"height":578},{"@type":"BreadcrumbList","@id":"https:\/\/urban-history.eu\/de#breadcrumb","itemListElement":[{"@type":"ListItem","position":1,"name":"Startseite","item":"https:\/\/urban-history.eu\/de"},{"@type":"ListItem","position":2,"name":"Home"}]},{"@type":"WebSite","@id":"https:\/\/urban-history.eu\/#website","url":"https:\/\/urban-history.eu\/","name":"urban history","description":"Dr. Markus Urban &amp; Daniel G\u00fcrtler GbR","potentialAction":[{"@type":"SearchAction","target":{"@type":"EntryPoint","urlTemplate":"https:\/\/urban-history.eu\/?s={search_term_string}"},"query-input":{"@type":"PropertyValueSpecification","valueRequired":true,"valueName":"search_term_string"}}],"inLanguage":"de"}]}},"_links":{"self":[{"href":"https:\/\/urban-history.eu\/de\/wp-json\/wp\/v2\/pages\/182","targetHints":{"allow":["GET"]}}],"collection":[{"href":"https:\/\/urban-history.eu\/de\/wp-json\/wp\/v2\/pages"}],"about":[{"href":"https:\/\/urban-history.eu\/de\/wp-json\/wp\/v2\/types\/page"}],"author":[{"embeddable":true,"href":"https:\/\/urban-history.eu\/de\/wp-json\/wp\/v2\/users\/1"}],"replies":[{"embeddable":true,"href":"https:\/\/urban-history.eu\/de\/wp-json\/wp\/v2\/comments?post=182"}],"version-history":[{"count":5,"href":"https:\/\/urban-history.eu\/de\/wp-json\/wp\/v2\/pages\/182\/revisions"}],"predecessor-version":[{"id":256,"href":"https:\/\/urban-history.eu\/de\/wp-json\/wp\/v2\/pages\/182\/revisions\/256"}],"wp:featuredmedia":[{"embeddable":true,"href":"https:\/\/urban-history.eu\/de\/wp-json\/wp\/v2\/media\/166"}],"wp:attachment":[{"href":"https:\/\/urban-history.eu\/de\/wp-json\/wp\/v2\/media?parent=182"}],"curies":[{"name":"wp","href":"https:\/\/api.w.org\/{rel}","templated":true}]}}