{"id":186,"date":"2020-01-29T22:52:07","date_gmt":"2020-01-29T21:52:07","guid":{"rendered":"https:\/\/urban-history.eu\/about-us\/"},"modified":"2024-02-01T15:45:58","modified_gmt":"2024-02-01T14:45:58","slug":"ueber-uns","status":"publish","type":"page","link":"https:\/\/urban-history.eu\/de\/ueber-uns","title":{"rendered":"\u00dcber uns"},"content":{"rendered":"\n<h1 class=\"wp-block-heading has-text-align-center\"><strong>\u00dcber uns<\/strong><\/h1>\n\n\n\n<div class=\"wp-block-columns is-layout-flex wp-container-core-columns-is-layout-9d6595d7 wp-block-columns-is-layout-flex\">\n<div class=\"wp-block-column is-layout-flow wp-block-column-is-layout-flow\" style=\"flex-basis:33.33%\"><div class=\"wp-block-image is-style-rounded\">\n<figure class=\"aligncenter size-large\"><img loading=\"lazy\" decoding=\"async\" width=\"209\" height=\"212\" src=\"http:\/\/urban-history.eu\/wp-content\/uploads\/2020\/04\/markus-urban-urban-history.jpg\" alt=\"\" class=\"wp-image-149\"\/><\/figure>\n<\/div>\n\n\n<p class=\"has-text-align-center\"> <strong>Dr. Markus Urban<\/strong> <\/p>\n<\/div>\n\n\n\n<div class=\"wp-block-column is-layout-flow wp-block-column-is-layout-flow\" style=\"flex-basis:66.66%\">\n<div class=\"wp-block-columns is-layout-flex wp-container-core-columns-is-layout-9d6595d7 wp-block-columns-is-layout-flex\">\n<div class=\"wp-block-column is-layout-flow wp-block-column-is-layout-flow\">\n<p>Markus Urban wurde 1976 in W\u00fcrzburg am Main geboren und zog im Alter von f\u00fcnf Jahren mit seiner Familie nach N\u00fcrnberg. Sein Interesse an der Historie der Stadt erwachte in seinen letzten Schuljahren. W\u00e4hrend seines Studiums der Geschichte und Literatur (an der Universit\u00e4t Erlangen-N\u00fcrnberg und am Kalamazoo College in Michigan, USA) f\u00fchrte er h\u00e4ufig Besucher \u00fcber das ehemalige Reichsparteitagsgel\u00e4nde und durch den Justizpalast in N\u00fcrnberg. Im Jahr 2006 promovierte Markus mit einer Arbeit \u00fcber Funktion und Wahrnehmung der Reichsparteitage der NSDAP.<\/p>\n<\/div>\n\n\n\n<div class=\"wp-block-column is-layout-flow wp-block-column-is-layout-flow\">\n<p>W\u00e4hrend seiner Studienzeit entwickelte er auch die ersten Vortr\u00e4ge f\u00fcr Flusskreuzfahrtschiffe und heuerte zwischenzeitlich als Reiseleiter zwischen Amsterdam, Budapest und dem Schwarzen Meer an.&nbsp; Bis heute arbeitet Markus weiterhin an historischen Ausstellungs- und Buchprojekten, absolvierte aber auch eine Ausbildung zum \u201e<a rel=\"noreferrer noopener\" href=\"https:\/\/doemens.org\/bildung\/intensiv-diplom-biersommelier\/\" target=\"_blank\">Biersommelier<\/a>&#8220; an der Doemens Akademie bei M\u00fcnchen. <\/p>\n\n\n\n<p>Markus\u2018 Leidenschaft ist das Reisen um die Welt. Im letzten Sommer mietete er zusammen mit Familie und Freunden ein kleines Boot, um die Fl\u00fcsse, Kan\u00e4le und Schleusen im Burgund zu erkunden.<\/p>\n\n\n\n<p><\/p>\n<\/div>\n<\/div>\n\n\n\n<div class=\"wp-block-pb-accordion-item c-accordion__item js-accordion-item no-js\" data-initially-open=\"false\" data-click-to-close=\"true\" data-auto-close=\"true\" data-scroll=\"false\" data-scroll-offset=\"0\"><h3 id=\"at-1860\" class=\"c-accordion__title js-accordion-controller\" role=\"button\">Bibliographie Dr. Markus Urban<\/h3><div id=\"ac-1860\" class=\"c-accordion__content\">\n<div class=\"wp-block-columns is-layout-flex wp-container-core-columns-is-layout-9d6595d7 wp-block-columns-is-layout-flex\">\n<div class=\"wp-block-column is-layout-flow wp-block-column-is-layout-flow\">\n<p><strong>N\u00fcrnberg 1968. Die SPD und der Protest der APO. <\/strong>Ausstellungskonzept und -realisierung im Auftrag von \u201eGeschichte f\u00fcr Alle e.V. \u2013 Institut f\u00fcr Regionalgeschichte\u201c f\u00fcr die SPD N\u00fcrnberg und das Museum Industriekultur, 2018.<\/p>\n\n\n\n<p><strong>Das Hufeland-Haus. <\/strong><strong>50 Jahre Diakonisches Netzwerk sozialer Dienste in Frankfurt-Seckbach<\/strong>, Frankfurt am Main 2014.<\/p>\n\n\n\n<p><strong>The Main-Danube Canal. Idea \u2013 History \u2013 Technology<\/strong> (zusammen mit Daniel G\u00fcrtler), N\u00fcrnberg 2013.<\/p>\n\n\n\n<p><strong>Kollektivschuld durch die Hintert\u00fcr? <\/strong><strong>Die Wahrnehmung der NMT in der westdeutschen \u00d6ffentlichkeit, 1946\u20131949<\/strong>, in: Priemel, Kim \/ Stiller, Alexa (eds.): NMT. Die N\u00fcrnberger Milit\u00e4rtribunale zwischen Geschichte, Gerechtigkeit und Rechtsch\u00f6pfung, Hamburg 2013, 684\u2013718.<\/p>\n\n\n\n<p><strong>Die inszenierte Utopie. <\/strong><strong>Zur Konstruktion von Gemeinschaft auf den Reichsparteitagen der NSDAP,<\/strong> in: Schmiechen-Ackermann, Detlef (eds.): \u201aVolksgemeinschaft\u2019: Mythos, wirkungsm\u00e4chtige soziale Verhei\u00dfung oder soziale Realit\u00e4t im \u201aDritten Reich\u2019?, Paderborn 2012, 135\u2013158.<\/p>\n\n\n\n<p><strong>The Self-Staging of a Plebiscitary Dictatorship:<\/strong> <strong>The NS-Regime Between \u2018Uniformed Reichstag\u2019, Referendum and Reichsparteitag,<\/strong> in: Jessen \/ Richter (eds.): Voting for Hitler and Stalin. Elections Under 20th Century Dictatorships, Frankfurt 2011, 39\u201358.<\/p>\n\n\n\n<p><strong>Neumarkt in der Oberpfalz im Nationalsozialismus, <\/strong><strong>N\u00fcrnberg 2010.<\/strong><\/p>\n<\/div>\n\n\n\n<div class=\"wp-block-column is-layout-flow wp-block-column-is-layout-flow\">\n<p><strong>Memorialization of Perpetrator Sites in Bavaria, <\/strong>in: Niven, Bill \/ Paver, Chloe:<strong> <\/strong>Memorialization in Germany since 1945, Houndsmills\/New York 2009, 103\u2013113.<\/p>\n\n\n\n<p><strong>Die N\u00fcrnberger Prozesse. <\/strong>Kurzf\u00fchrer (= Historische Stadtspazierg\u00e4nge 5), N\u00fcrnberg 2008.<\/p>\n\n\n\n<p><strong>Die Konsensfabrik. <\/strong><strong>Funktion und Wahrnehmung der NS-Reichsparteitage, 1933\u20131941<\/strong>, G\u00f6ttingen 2007.<\/p>\n\n\n\n<p><strong>Reichsparteitagsgel\u00e4nde N\u00fcrnberg <\/strong>(zusammen mit Alexander Schmidt).<strong> <\/strong>Kurzf\u00fchrer (= Historische Stadtspazierg\u00e4nge 4), N\u00fcrnberg 2006.<\/p>\n\n\n\n<p><strong>Der Nahverkehr im Dritten Reich<\/strong>, in: Verkehrsaktiengesellschaft N\u00fcrnberg (Hrsg.): 125 Jahre Nahverkehr in N\u00fcrnberg, N\u00fcrnberg 2006, S. 47\u201364.<\/p>\n\n\n\n<p><strong>Weltgeschichte im Schwurgerichtssaal. Die N\u00fcrnberger Kriegsverbrecherprozesse<\/strong>, in: Geschichte f\u00fcr Alle e.V. (Hrsg.): Spazierg\u00e4nge in die Vergangenheit N\u00fcrnbergs, Cadolzburg 2005, S. 69\u201376.<\/p>\n\n\n\n<p><strong>Offizielle und halboffizielle Amerikabilder im Dritten Reich<\/strong><strong>. Deutsche Amerikaliteratur als Spiegel der politischen Entwicklung?, <\/strong>in: Behrends, Jan \/ von Klim\u00f3, \u00c1rp\u00e1d \/ Poutrus, Patrice (Hrsg.): Antiamerikanismus im 20. Jahrhundert. Studien zu Ost- und Westeuropa, Bonn 2005, S. 52\u201371.<\/p>\n\n\n\n<p><strong>Reichsparteitag, Luftangriff und Wiederaufbau. <\/strong>Sonderbeilage \u201e60 Jahre seit Kriegsende\u201c zur Kundenzeitschrift VAGmobil 2\/2005 der Verkehrs-Aktiengesellschaft N\u00fcrnberg.<\/p>\n<\/div>\n<\/div>\n<\/div><\/div>\n<\/div>\n<\/div>\n\n\n\n<div class=\"wp-block-columns mt-m is-layout-flex wp-container-core-columns-is-layout-9d6595d7 wp-block-columns-is-layout-flex\">\n<div class=\"wp-block-column is-layout-flow wp-block-column-is-layout-flow\" style=\"flex-basis:33.33%\"><div class=\"wp-block-image is-style-rounded\">\n<figure class=\"aligncenter size-large\"><img loading=\"lazy\" decoding=\"async\" width=\"209\" height=\"212\" src=\"http:\/\/urban-history.eu\/wp-content\/uploads\/2020\/04\/daniel-guertler-urban-history.jpg\" alt=\"\" class=\"wp-image-152\"\/><\/figure>\n<\/div>\n\n\n<p class=\"has-text-align-center\"><strong>Daniel G\u00fcrtler<\/strong><\/p>\n<\/div>\n\n\n\n<div class=\"wp-block-column is-layout-flow wp-block-column-is-layout-flow\" style=\"flex-basis:66.66%\">\n<div class=\"wp-block-columns is-layout-flex wp-container-core-columns-is-layout-9d6595d7 wp-block-columns-is-layout-flex\">\n<div class=\"wp-block-column is-layout-flow wp-block-column-is-layout-flow\">\n<p>Daniel G\u00fcrtler kam 1980 in N\u00fcrnberg zur Welt. Schon im Grundschulalter begeisterte er sich f\u00fcr Geschichte, vor allem f\u00fcr die reiche Vergangenheit seiner Heimatstadt. Bereits w\u00e4hrend seiner Schulzeit begann er als Stadtf\u00fchrer einheimische und ausw\u00e4rtige G\u00e4ste durch N\u00fcrnberg zu f\u00fchren. Zu dieser Zeit kn\u00fcpfte er erste Kontakte zu Anbietern von Flusskreuzfahrten, f\u00fcr die er ebenfalls Stadtrundg\u00e4nge und Vortr\u00e4ge durchf\u00fchrte \u2013 eine Leidenschaft, der er bis heute nachgeht.&nbsp; Noch w\u00e4hrend seines Studiums der Geschichte an der Universit\u00e4t Erlangen und der Universit\u00e9 de Savoie in Chambery (Frankreich) stieg er bei <span class=\"ub--urban\">urban<\/span> <span class=\"ub--history\">history<\/span> ein und wurde 2010 gleichberechtigter Partner.<\/p>\n<\/div>\n\n\n\n<div class=\"wp-block-column is-layout-flow wp-block-column-is-layout-flow\">\n<p>Neben seiner T\u00e4tigkeit als Referent und Rundgangsleiter ist Daniel weiterhin im Bereich der wissenschaftlichen Projektarbeit t\u00e4tig. Sein Schwerpunkt liegt hier auf der Technik- und Sozialgeschichte sowie der Geschichte des 19. und 20. Jahrhunderts. In seiner Freizeit unternimmt Daniel gerne Touren mit einem seiner vielen Fahrr\u00e4der oder besch\u00e4ftigt sich mit gro\u00dfen Lego-Modellen.<\/p>\n<\/div>\n<\/div>\n\n\n\n<div class=\"wp-block-pb-accordion-item c-accordion__item js-accordion-item no-js\" data-initially-open=\"false\" data-click-to-close=\"true\" data-auto-close=\"true\" data-scroll=\"false\" data-scroll-offset=\"0\"><h3 id=\"at-1861\" class=\"c-accordion__title js-accordion-controller\" role=\"button\">Bibliographie Daniel G\u00fcrtler<\/h3><div id=\"ac-1861\" class=\"c-accordion__content\">\n<div class=\"wp-block-columns is-layout-flex wp-container-core-columns-is-layout-9d6595d7 wp-block-columns-is-layout-flex\">\n<div class=\"wp-block-column is-layout-flow wp-block-column-is-layout-flow\">\n<p><strong>70 Jahre Pl\u00e4rrer-Hochaus<\/strong> in: Stadtarchiv N\u00fcrnberg (Hrsg.): Norica 19, N\u00fcrnberg 2023 S. 85-93.<\/p>\n\n\n\n<p><strong>Die Marienvorstadt &#8211; N\u00fcrnbergs erste Stadterweiterung,<\/strong> N\u00fcrnberg 2022.<\/p>\n\n\n\n<p><strong>Der N\u00fcrnberger Westen<\/strong> (zusammen mit Marin Schieber und Reiner Eismann), N\u00fcrnberg 2021.<\/p>\n\n\n\n<p><strong>100 Jahre Gesundheitsamt N\u00fcrnberg <\/strong>(zusammen mit Pascal Metzger),<strong> <\/strong>N\u00fcrnberg 2020.<\/p>\n\n\n\n<p><strong>Das N\u00fcrnberger Volksbad <\/strong><strong>(zusammen mit Bernd Windsheimer),<\/strong> N\u00fcrnberg 2019.<\/p>\n\n\n\n<p><strong>F\u00fcrther Stra\u00dfe \u2013 Aufbruch und Wandel (zusammen mit Reiner Eismann). <\/strong>Kurzf\u00fchrer (= Historische Spazierg\u00e4nge 14), N\u00fcrnberg 2017.<\/p>\n\n\n\n<p><strong>W\u00f6hrd \u2013 Die untergegangene Vorstadt. Kurzf\u00fchrer <\/strong>(= Historische Spazierg\u00e4nge 12), N\u00fcrnberg 2015.<\/p>\n\n\n\n<p><strong>Der Main-Donau Kanal &#8211; Idee, Geschichte, Technik <\/strong>(zusammen mit Markus Urban), N\u00fcrnberg 2013.<\/p>\n\n\n\n<p><\/p>\n<\/div>\n\n\n\n<div class=\"wp-block-column is-layout-flow wp-block-column-is-layout-flow\">\n<p><strong>Schwabach \u2013 Die Goldschl\u00e4gerstadt (zusammen mit Martin Schieber). <\/strong>Kurzf\u00fchrer (= Historische Spazierg\u00e4nge 10),<strong> <\/strong>N\u00fcrnberg 2012.<\/p>\n\n\n\n<p><strong>Mauern, T\u00fcrme und Bastionen. Die N\u00fcrnberger Stadtmauer. <\/strong>Kurzf\u00fchrer (= Historische Spazierg\u00e4nge 9), N\u00fcrnberg 2012.<\/p>\n\n\n\n<p><strong>Die Geschichte der Berufsschule II in N\u00fcrnberg, <\/strong>N\u00fcrnberg 2010.<\/p>\n\n\n\n<p><strong>Kliniken Dr. Erler. Geschichte und Gegenwart <\/strong>(zusammen mit Bernd Windsheimer), N\u00fcrnberg 2009.<\/p>\n\n\n\n<p><strong>Hochwasser in N\u00fcrnbergs Geschichte, in: Stadt N\u00fcrnberg (Hrsg.): <\/strong>Die Pegnitz flutet N\u00fcrnberg. Zum 100.ten Jahrestag der gro\u00dfen Hochwasserkatastrophe, N\u00fcrnberg 2009, S. 6\u201312.<\/p>\n\n\n\n<p><strong>50 Jahre St\u00e4dtische Werke N\u00fcrnberg <\/strong>(zusammen mit Bernd Windsheimer), N\u00fcrnberg 2009.<\/p>\n\n\n\n<p><strong>225 Jahre Staedtler &amp; Uhl &#8211; Ein Spiegelbild Schwabacher Nadelproduktion<\/strong>, N\u00fcrnberg 2008.<\/p>\n<\/div>\n<\/div>\n\n\n\n<p><\/p>\n<\/div><\/div>\n<\/div>\n<\/div>\n\n\n\n<div class=\"wp-block-columns mt-m is-layout-flex wp-container-core-columns-is-layout-9d6595d7 wp-block-columns-is-layout-flex\">\n<div class=\"wp-block-column is-layout-flow wp-block-column-is-layout-flow\" style=\"flex-basis:33.33%\"><div class=\"wp-block-image is-style-rounded\">\n<figure class=\"aligncenter size-large\"><img loading=\"lazy\" decoding=\"async\" width=\"210\" height=\"210\" src=\"https:\/\/urban-history.eu\/wp-content\/uploads\/2020\/06\/Anne-Urban.jpg\" alt=\"\" class=\"wp-image-229\"\/><\/figure>\n<\/div>\n\n\n<p class=\"has-text-align-center\"><strong>Anne Urban<\/strong><\/p>\n<\/div>\n\n\n\n<div class=\"wp-block-column is-layout-flow wp-block-column-is-layout-flow\" style=\"flex-basis:66.66%\">\n<div class=\"wp-block-columns is-layout-flex wp-container-core-columns-is-layout-9d6595d7 wp-block-columns-is-layout-flex\">\n<div class=\"wp-block-column is-layout-flow wp-block-column-is-layout-flow\">\n<p>Anne Urban (geb. K\u00f6nig) kommt aus Augsburg. Aufgewachsen in einem Haushalt voller B\u00fccher, machte sie ihre fr\u00fche Leidenschaft f\u00fcr das gesprochene und gedruckte Wort zu ihrem Beruf. Deshalb war es nur logisch, dass sie nach ihrem Abitur nach Erlangen zog, um <a href=\"https:\/\/buchwissenschaft.phil.fau.de\/\" target=\"_blank\" rel=\"noreferrer noopener\">Buchwissenschaft <\/a>und damit die Geschichte von Lesen und Schreiben, Typographie und Buchhandel zu studieren, was sie mit einem M.A. abschloss. F\u00fcr ihr zweites Studienfach Englisch verbrachte sie mehrere Semester in den USA, wo sie einen weiteren Magister (M.Ed.) an der Pennsylvania State University erlangte und Deutsch unterrichtete.<\/p>\n<\/div>\n\n\n\n<div class=\"wp-block-column is-layout-flow wp-block-column-is-layout-flow\">\n<p>Nach ihrem Studium war sie in leitenden Positionen in verschiedenen St\u00e4dten bei Deutschlands gr\u00f6\u00dftem station\u00e4ren Buchh\u00e4ndler Thalia t\u00e4tig, um schlussendlich mit ihrem Ehemann Markus wieder nach N\u00fcrnberg zur\u00fcckzukehren. Bald nach der Geburt ihrer Tochter fing sie an, als Vortragende zu arbeiten und f\u00fcr <span class=\"ub--urban\">urban<\/span> <span class=\"ub--history\">history<\/span> zahlreiche administrative Aufgaben zu \u00fcbernehmen. Anne reist gerne mit ihrer Familie und liebt es, in B\u00fcchern und \u00fcber B\u00fccher zu lesen \u2013 in den seltenen F\u00e4llen, in denen es ihre Zeit erlaubt.<\/p>\n<\/div>\n<\/div>\n\n\n\n<div class=\"wp-block-pb-accordion-item c-accordion__item js-accordion-item no-js\" data-initially-open=\"false\" data-click-to-close=\"true\" data-auto-close=\"true\" data-scroll=\"false\" data-scroll-offset=\"0\"><h3 id=\"at-1862\" class=\"c-accordion__title js-accordion-controller\" role=\"button\">Bibliographie Anne Urban<\/h3><div id=\"ac-1862\" class=\"c-accordion__content\">\n<p><strong><strong>Lesbarkeit als Leitprinzip der Buchtypographie <\/strong><\/strong>(= Alles Buch Nr. VII). Hrgs. v. Ursula Rautenberg und Volker Titel. Institut f\u00fcr Buchwissenschaft, Universit\u00e4t Erlangen-N\u00fcrnberg. Erlangen, 2004.<\/p>\n<\/div><\/div>\n<\/div>\n<\/div>\n","protected":false},"excerpt":{"rendered":"<p>\u00dcber uns Dr. Markus Urban Markus Urban wurde 1976 in W\u00fcrzburg am Main geboren und zog im Alter von f\u00fcnf Jahren mit seiner Familie nach N\u00fcrnberg. Sein Interesse an der Historie der Stadt erwachte in seinen letzten Schuljahren. W\u00e4hrend seines Studiums der Geschichte und Literatur (an der Universit\u00e4t Erlangen-N\u00fcrnberg und am Kalamazoo College in Michigan, [&hellip;]<\/p>\n","protected":false},"author":1,"featured_media":168,"parent":0,"menu_order":0,"comment_status":"closed","ping_status":"closed","template":"","meta":{"footnotes":""},"class_list":["post-186","page","type-page","status-publish","has-post-thumbnail","hentry"],"yoast_head":"<!-- This site is optimized with the Yoast SEO plugin v27.4 - https:\/\/yoast.com\/product\/yoast-seo-wordpress\/ -->\n<title>\u00dcber uns - urban history<\/title>\n<meta name=\"robots\" content=\"index, follow, max-snippet:-1, max-image-preview:large, max-video-preview:-1\" \/>\n<link rel=\"canonical\" href=\"https:\/\/urban-history.eu\/de\/ueber-uns\" \/>\n<meta property=\"og:locale\" content=\"de_DE\" \/>\n<meta property=\"og:type\" content=\"article\" \/>\n<meta property=\"og:title\" content=\"\u00dcber uns - urban history\" \/>\n<meta property=\"og:description\" content=\"\u00dcber uns Dr. Markus Urban Markus Urban wurde 1976 in W\u00fcrzburg am Main geboren und zog im Alter von f\u00fcnf Jahren mit seiner Familie nach N\u00fcrnberg. Sein Interesse an der Historie der Stadt erwachte in seinen letzten Schuljahren. W\u00e4hrend seines Studiums der Geschichte und Literatur (an der Universit\u00e4t Erlangen-N\u00fcrnberg und am Kalamazoo College in Michigan, [&hellip;]\" \/>\n<meta property=\"og:url\" content=\"https:\/\/urban-history.eu\/de\/ueber-uns\" \/>\n<meta property=\"og:site_name\" content=\"urban history\" \/>\n<meta property=\"article:modified_time\" content=\"2024-02-01T14:45:58+00:00\" \/>\n<meta property=\"og:image\" content=\"https:\/\/urban-history.eu\/wp-content\/uploads\/2020\/02\/why-urbs.jpg\" \/>\n\t<meta property=\"og:image:width\" content=\"1800\" \/>\n\t<meta property=\"og:image:height\" content=\"578\" \/>\n\t<meta property=\"og:image:type\" content=\"image\/jpeg\" \/>\n<meta name=\"twitter:card\" content=\"summary_large_image\" \/>\n<meta name=\"twitter:label1\" content=\"Gesch\u00e4tzte Lesezeit\" \/>\n\t<meta name=\"twitter:data1\" content=\"6\u00a0Minuten\" \/>\n<script type=\"application\/ld+json\" class=\"yoast-schema-graph\">{\"@context\":\"https:\\\/\\\/schema.org\",\"@graph\":[{\"@type\":\"WebPage\",\"@id\":\"https:\\\/\\\/urban-history.eu\\\/de\\\/ueber-uns\",\"url\":\"https:\\\/\\\/urban-history.eu\\\/de\\\/ueber-uns\",\"name\":\"\u00dcber uns - urban history\",\"isPartOf\":{\"@id\":\"https:\\\/\\\/urban-history.eu\\\/#website\"},\"primaryImageOfPage\":{\"@id\":\"https:\\\/\\\/urban-history.eu\\\/de\\\/ueber-uns#primaryimage\"},\"image\":{\"@id\":\"https:\\\/\\\/urban-history.eu\\\/de\\\/ueber-uns#primaryimage\"},\"thumbnailUrl\":\"https:\\\/\\\/urban-history.eu\\\/wp-content\\\/uploads\\\/2020\\\/02\\\/why-urbs.jpg\",\"datePublished\":\"2020-01-29T21:52:07+00:00\",\"dateModified\":\"2024-02-01T14:45:58+00:00\",\"breadcrumb\":{\"@id\":\"https:\\\/\\\/urban-history.eu\\\/de\\\/ueber-uns#breadcrumb\"},\"inLanguage\":\"de\",\"potentialAction\":[{\"@type\":\"ReadAction\",\"target\":[\"https:\\\/\\\/urban-history.eu\\\/de\\\/ueber-uns\"]}]},{\"@type\":\"ImageObject\",\"inLanguage\":\"de\",\"@id\":\"https:\\\/\\\/urban-history.eu\\\/de\\\/ueber-uns#primaryimage\",\"url\":\"https:\\\/\\\/urban-history.eu\\\/wp-content\\\/uploads\\\/2020\\\/02\\\/why-urbs.jpg\",\"contentUrl\":\"https:\\\/\\\/urban-history.eu\\\/wp-content\\\/uploads\\\/2020\\\/02\\\/why-urbs.jpg\",\"width\":1800,\"height\":578},{\"@type\":\"BreadcrumbList\",\"@id\":\"https:\\\/\\\/urban-history.eu\\\/de\\\/ueber-uns#breadcrumb\",\"itemListElement\":[{\"@type\":\"ListItem\",\"position\":1,\"name\":\"Startseite\",\"item\":\"https:\\\/\\\/urban-history.eu\\\/de\"},{\"@type\":\"ListItem\",\"position\":2,\"name\":\"\u00dcber uns\"}]},{\"@type\":\"WebSite\",\"@id\":\"https:\\\/\\\/urban-history.eu\\\/#website\",\"url\":\"https:\\\/\\\/urban-history.eu\\\/\",\"name\":\"urban history\",\"description\":\"Dr. Markus Urban &amp; Daniel G\u00fcrtler GbR\",\"potentialAction\":[{\"@type\":\"SearchAction\",\"target\":{\"@type\":\"EntryPoint\",\"urlTemplate\":\"https:\\\/\\\/urban-history.eu\\\/?s={search_term_string}\"},\"query-input\":{\"@type\":\"PropertyValueSpecification\",\"valueRequired\":true,\"valueName\":\"search_term_string\"}}],\"inLanguage\":\"de\"}]}<\/script>\n<!-- \/ Yoast SEO plugin. -->","yoast_head_json":{"title":"\u00dcber uns - urban history","robots":{"index":"index","follow":"follow","max-snippet":"max-snippet:-1","max-image-preview":"max-image-preview:large","max-video-preview":"max-video-preview:-1"},"canonical":"https:\/\/urban-history.eu\/de\/ueber-uns","og_locale":"de_DE","og_type":"article","og_title":"\u00dcber uns - urban history","og_description":"\u00dcber uns Dr. Markus Urban Markus Urban wurde 1976 in W\u00fcrzburg am Main geboren und zog im Alter von f\u00fcnf Jahren mit seiner Familie nach N\u00fcrnberg. Sein Interesse an der Historie der Stadt erwachte in seinen letzten Schuljahren. W\u00e4hrend seines Studiums der Geschichte und Literatur (an der Universit\u00e4t Erlangen-N\u00fcrnberg und am Kalamazoo College in Michigan, [&hellip;]","og_url":"https:\/\/urban-history.eu\/de\/ueber-uns","og_site_name":"urban history","article_modified_time":"2024-02-01T14:45:58+00:00","og_image":[{"width":1800,"height":578,"url":"https:\/\/urban-history.eu\/wp-content\/uploads\/2020\/02\/why-urbs.jpg","type":"image\/jpeg"}],"twitter_card":"summary_large_image","twitter_misc":{"Gesch\u00e4tzte Lesezeit":"6\u00a0Minuten"},"schema":{"@context":"https:\/\/schema.org","@graph":[{"@type":"WebPage","@id":"https:\/\/urban-history.eu\/de\/ueber-uns","url":"https:\/\/urban-history.eu\/de\/ueber-uns","name":"\u00dcber uns - urban history","isPartOf":{"@id":"https:\/\/urban-history.eu\/#website"},"primaryImageOfPage":{"@id":"https:\/\/urban-history.eu\/de\/ueber-uns#primaryimage"},"image":{"@id":"https:\/\/urban-history.eu\/de\/ueber-uns#primaryimage"},"thumbnailUrl":"https:\/\/urban-history.eu\/wp-content\/uploads\/2020\/02\/why-urbs.jpg","datePublished":"2020-01-29T21:52:07+00:00","dateModified":"2024-02-01T14:45:58+00:00","breadcrumb":{"@id":"https:\/\/urban-history.eu\/de\/ueber-uns#breadcrumb"},"inLanguage":"de","potentialAction":[{"@type":"ReadAction","target":["https:\/\/urban-history.eu\/de\/ueber-uns"]}]},{"@type":"ImageObject","inLanguage":"de","@id":"https:\/\/urban-history.eu\/de\/ueber-uns#primaryimage","url":"https:\/\/urban-history.eu\/wp-content\/uploads\/2020\/02\/why-urbs.jpg","contentUrl":"https:\/\/urban-history.eu\/wp-content\/uploads\/2020\/02\/why-urbs.jpg","width":1800,"height":578},{"@type":"BreadcrumbList","@id":"https:\/\/urban-history.eu\/de\/ueber-uns#breadcrumb","itemListElement":[{"@type":"ListItem","position":1,"name":"Startseite","item":"https:\/\/urban-history.eu\/de"},{"@type":"ListItem","position":2,"name":"\u00dcber uns"}]},{"@type":"WebSite","@id":"https:\/\/urban-history.eu\/#website","url":"https:\/\/urban-history.eu\/","name":"urban history","description":"Dr. Markus Urban &amp; Daniel G\u00fcrtler GbR","potentialAction":[{"@type":"SearchAction","target":{"@type":"EntryPoint","urlTemplate":"https:\/\/urban-history.eu\/?s={search_term_string}"},"query-input":{"@type":"PropertyValueSpecification","valueRequired":true,"valueName":"search_term_string"}}],"inLanguage":"de"}]}},"_links":{"self":[{"href":"https:\/\/urban-history.eu\/de\/wp-json\/wp\/v2\/pages\/186","targetHints":{"allow":["GET"]}}],"collection":[{"href":"https:\/\/urban-history.eu\/de\/wp-json\/wp\/v2\/pages"}],"about":[{"href":"https:\/\/urban-history.eu\/de\/wp-json\/wp\/v2\/types\/page"}],"author":[{"embeddable":true,"href":"https:\/\/urban-history.eu\/de\/wp-json\/wp\/v2\/users\/1"}],"replies":[{"embeddable":true,"href":"https:\/\/urban-history.eu\/de\/wp-json\/wp\/v2\/comments?post=186"}],"version-history":[{"count":17,"href":"https:\/\/urban-history.eu\/de\/wp-json\/wp\/v2\/pages\/186\/revisions"}],"predecessor-version":[{"id":269,"href":"https:\/\/urban-history.eu\/de\/wp-json\/wp\/v2\/pages\/186\/revisions\/269"}],"wp:featuredmedia":[{"embeddable":true,"href":"https:\/\/urban-history.eu\/de\/wp-json\/wp\/v2\/media\/168"}],"wp:attachment":[{"href":"https:\/\/urban-history.eu\/de\/wp-json\/wp\/v2\/media?parent=186"}],"curies":[{"name":"wp","href":"https:\/\/api.w.org\/{rel}","templated":true}]}}