{"id":197,"date":"2020-03-19T21:40:00","date_gmt":"2020-03-19T20:40:00","guid":{"rendered":"https:\/\/urban-history.eu\/privacy"},"modified":"2020-07-01T16:11:45","modified_gmt":"2020-07-01T14:11:45","slug":"datenschutzerklarung","status":"publish","type":"page","link":"https:\/\/urban-history.eu\/de\/datenschutzerklarung","title":{"rendered":"Datenschutzerkl\u00e4rung"},"content":{"rendered":"\n<h1 class=\"has-text-align-center wp-block-heading\">Datenschutzerkl\u00e4rung<\/h1>\n\n\n\n<div class=\"wp-block-columns is-layout-flex wp-container-core-columns-is-layout-9d6595d7 wp-block-columns-is-layout-flex\">\n<div class=\"wp-block-column is-layout-flow wp-block-column-is-layout-flow\">\n<p><strong>1. Name und Adresse des Verantwortlichen<\/strong><\/p>\n\n\n\n<p>Der Verantwortliche im Sinne der Datenschutz-Grundverordnung (DSGVO) und anderer nationaler Datenschutzgesetze der Mitgliedsstaaten sowie sonstiger datenschutzrechtlicher Bestimmungen ist die:<\/p>\n\n\n\n<p><strong>urban history<\/strong><\/p>\n\n\n\n<p>Dr. Markus Urban and Daniel G\u00fcrtler GbR <br>Hochstra\u00dfe 33<br>90429 Nuremberg <\/p>\n\n\n\n<p><\/p>\n\n\n\n<p>Telefon+49-911-9413934<br>E-mail: <a href=\"mailto:info@urban-history.eu\">info@urban-history.eu<\/a> <\/p>\n\n\n\n<p><strong>2. Datenschutz<\/strong><\/p>\n\n\n\n<p>Anonyme Daten sind Daten, die nicht dazu verwendet werden k\u00f6nnen, R\u00fcckschl\u00fcsse auf Ihre Person zu ziehen. Die Auswertung anonymer Daten dient z.B. dazu, die Gewohnheiten unserer Nutzer zu analysieren, um unser Angebot nutzerfreundlicher zu gestalten und an die W\u00fcnsche und Bed\u00fcrfnisse unserer Nutzer anzupassen (z.B. Anzahl der Seitenaufrufe, Nutzungsstatistiken, etc.).<\/p>\n\n\n\n<p>Personenbezogene Daten sind die Informationen, die es erm\u00f6glichen, eine Person zu identifizieren. Dazu geh\u00f6ren insbesondere Name, Geburtsdatum, Adresse und Telefonnummer. Wenn Sie innerhalb unserer Webpr\u00e4senz personenbezogene Daten angeben, werden diese Daten nur im Rahmen der von Ihnen erteilten Einwilligung und nur zu dem auf der jeweiligen Seite angegebenen Zweck verwendet (z.B. Bestellung von Dienstleistungen etc.). Sie haben die M\u00f6glichkeit, Ihre Einwilligung jederzeit zu widerrufen. Wir geben keinerlei personenbezogenen Daten an Dritte weiter. Wenn zur Erbringung unserer Dienstleistungen personenbezogene Daten erhoben werden m\u00fcssen, werden diese unmittelbar nach Erbringung der Dienstleistung gel\u00f6scht. Wenn Sie innerhalb dieses Angebotes Seiten und Dateien abrufen und dabei aufgefordert werden, pers\u00f6nliche Daten einzugeben, so weisen wir darauf hin, dass diese Daten\u00fcbertragung \u00fcber das Internet ungesichert erfolgt und die Daten somit von Unbefugten zur Kenntnis genommen oder auch verf\u00e4lscht werden k\u00f6nnen.<\/p>\n\n\n\n<p><strong>3. Umgang mit E-Mail-Adressen<\/strong><\/p>\n\n\n\n<p>Wenn Sie uns eine E-Mail senden, verwenden wir Ihre E-Mail-Adresse nur f\u00fcr die Korrespondenz mit Ihnen; sie wird selbstverst\u00e4ndlich nicht an Dritte weitergegeben.<\/p>\n<\/div>\n\n\n\n<div class=\"wp-block-column is-layout-flow wp-block-column-is-layout-flow\">\n<p><strong>4. Auskunftsrecht, Widerruf und L\u00f6schung<\/strong><\/p>\n\n\n\n<p>Bei Fragen zur Erhebung, Verarbeitung oder Nutzung Ihrer personenbezogenen Daten, bei Ausk\u00fcnften, Berichtigung, Sperrung oder L\u00f6schung von Daten sowie Widerruf erteilter Einwilligungen wenden Sie sich bitte an uns.<\/p>\n\n\n\n<p><strong>5. Cookies<\/strong><\/p>\n\n\n\n<p>Cookies werden keine gesetzt.<\/p>\n\n\n\n<p><strong>6. Log Files<\/strong><\/p>\n\n\n\n<p>Logfiles speichern unter anderem die IP-Adresse, den verwendeten Browser, Uhrzeit und Datum sowie das von einem Besucher der Website verwendete System. Wir speichern nur pseudonymisierte IP-Adressen von Besuchern der Website.<\/p>\n\n\n\n<p>Auf Webserver-Ebene geschieht dies, indem im Logfile standardm\u00e4\u00dfig eine IP-Adresse 123.123.123.123.XXX anstelle der tats\u00e4chlichen IP-Adresse des Besuchers gespeichert wird, z.B. 123.123.123.123, wobei XXX ein Zufallswert zwischen 1 und 254 ist. Aus diesem Grund ist es nicht m\u00f6glich, diese Daten einer einzelnen Person zuzuordnen.<\/p>\n\n\n\n<p><strong>7. SSL-Verschl\u00fcsselung<\/strong><\/p>\n\n\n\n<p>Um Ihre \u00fcbertragenen Daten bestm\u00f6glich zu sch\u00fctzen, verwenden die Betreiber der Website die SSL-Verschl\u00fcsselung. Sie erkennen solche verschl\u00fcsselten Verbindungen am Pr\u00e4fix \u201ehttps:\/\/&#8220; im Seitenlink in der Adresszeile Ihres Browsers. Unverschl\u00fcsselte Seiten sind mit \u201ehttp:\/\/&#8220; gekennzeichnet. Alle Daten, die Sie an diese Website \u00fcbermitteln &#8211; zum Beispiel bei Anfragen oder Logins \u2013 k\u00f6nnen dank SSL-Verschl\u00fcsselung nicht von Dritten gelesen werden.<\/p>\n\n\n\n<p><strong>8. Beschwerde<\/strong><\/p>\n\n\n\n<p>Wenn Sie der Meinung sind, dass die Verarbeitung personenbezogener Daten, die Sie betreffen, rechtswidrig ist, k\u00f6nnen Sie eine Beschwerde bei einer Datenschutzaufsichtsbeh\u00f6rde einreichen. Die Kontaktdaten der f\u00fcr Bayern zust\u00e4ndigen Aufsichtsbeh\u00f6rde finden Sie unter: <a href=\"https:\/\/www.bfdi.bund.de\/SharedDocs\/Adressen\/LfD\/Bayern.html\">https:\/\/www.bfdi.bund.de\/SharedDocs\/Adressen\/LfD\/Bayern.html<\/a><\/p>\n\n\n\n<p><strong>9. Stand und Aktualisierung dieser Datenschutzerkl\u00e4rung<\/strong><\/p>\n\n\n\n<p>Diese Datenschutzerkl\u00e4rung hat den Stand vom 25. Mai 2018, und wir behalten uns das Recht vor, diese Datenschutzrichtlinie von Zeit zu Zeit zu aktualisieren, um das Niveau des Datenschutzes zu verbessern und\/oder sie an ge\u00e4nderte Beh\u00f6rdenpraxis oder Rechtsprechung anzupassen.<\/p>\n<\/div>\n<\/div>\n","protected":false},"excerpt":{"rendered":"<p>Datenschutzerkl\u00e4rung 1. Name und Adresse des Verantwortlichen Der Verantwortliche im Sinne der Datenschutz-Grundverordnung (DSGVO) und anderer nationaler Datenschutzgesetze der Mitgliedsstaaten sowie sonstiger datenschutzrechtlicher Bestimmungen ist die: urban history Dr. Markus Urban and Daniel G\u00fcrtler GbR Hochstra\u00dfe 3390429 Nuremberg Telefon+49-911-9413934E-mail: info@urban-history.eu 2. Datenschutz Anonyme Daten sind Daten, die nicht dazu verwendet werden k\u00f6nnen, R\u00fcckschl\u00fcsse auf Ihre [&hellip;]<\/p>\n","protected":false},"author":1,"featured_media":174,"parent":0,"menu_order":0,"comment_status":"closed","ping_status":"closed","template":"","meta":{"footnotes":""},"class_list":["post-197","page","type-page","status-publish","has-post-thumbnail","hentry"],"yoast_head":"<!-- This site is optimized with the Yoast SEO plugin v27.4 - https:\/\/yoast.com\/product\/yoast-seo-wordpress\/ -->\n<title>Datenschutzerkl\u00e4rung - urban history<\/title>\n<meta name=\"robots\" content=\"index, follow, max-snippet:-1, max-image-preview:large, max-video-preview:-1\" \/>\n<link rel=\"canonical\" href=\"https:\/\/urban-history.eu\/de\/datenschutzerklarung\" \/>\n<meta property=\"og:locale\" content=\"de_DE\" \/>\n<meta property=\"og:type\" content=\"article\" \/>\n<meta property=\"og:title\" content=\"Datenschutzerkl\u00e4rung - urban history\" \/>\n<meta property=\"og:description\" content=\"Datenschutzerkl\u00e4rung 1. Name und Adresse des Verantwortlichen Der Verantwortliche im Sinne der Datenschutz-Grundverordnung (DSGVO) und anderer nationaler Datenschutzgesetze der Mitgliedsstaaten sowie sonstiger datenschutzrechtlicher Bestimmungen ist die: urban history Dr. Markus Urban and Daniel G\u00fcrtler GbR Hochstra\u00dfe 3390429 Nuremberg Telefon+49-911-9413934E-mail: info@urban-history.eu 2. Datenschutz Anonyme Daten sind Daten, die nicht dazu verwendet werden k\u00f6nnen, R\u00fcckschl\u00fcsse auf Ihre [&hellip;]\" \/>\n<meta property=\"og:url\" content=\"https:\/\/urban-history.eu\/de\/datenschutzerklarung\" \/>\n<meta property=\"og:site_name\" content=\"urban history\" \/>\n<meta property=\"article:modified_time\" content=\"2020-07-01T14:11:45+00:00\" \/>\n<meta property=\"og:image\" content=\"https:\/\/urban-history.eu\/wp-content\/uploads\/2020\/03\/urban-history-datenschutz.jpg\" \/>\n\t<meta property=\"og:image:width\" content=\"1800\" \/>\n\t<meta property=\"og:image:height\" content=\"580\" \/>\n\t<meta property=\"og:image:type\" content=\"image\/jpeg\" \/>\n<meta name=\"twitter:card\" content=\"summary_large_image\" \/>\n<meta name=\"twitter:label1\" content=\"Gesch\u00e4tzte Lesezeit\" \/>\n\t<meta name=\"twitter:data1\" content=\"3\u00a0Minuten\" \/>\n<script type=\"application\/ld+json\" class=\"yoast-schema-graph\">{\"@context\":\"https:\\\/\\\/schema.org\",\"@graph\":[{\"@type\":\"WebPage\",\"@id\":\"https:\\\/\\\/urban-history.eu\\\/de\\\/datenschutzerklarung\",\"url\":\"https:\\\/\\\/urban-history.eu\\\/de\\\/datenschutzerklarung\",\"name\":\"Datenschutzerkl\u00e4rung - urban history\",\"isPartOf\":{\"@id\":\"https:\\\/\\\/urban-history.eu\\\/#website\"},\"primaryImageOfPage\":{\"@id\":\"https:\\\/\\\/urban-history.eu\\\/de\\\/datenschutzerklarung#primaryimage\"},\"image\":{\"@id\":\"https:\\\/\\\/urban-history.eu\\\/de\\\/datenschutzerklarung#primaryimage\"},\"thumbnailUrl\":\"https:\\\/\\\/urban-history.eu\\\/wp-content\\\/uploads\\\/2020\\\/03\\\/urban-history-datenschutz.jpg\",\"datePublished\":\"2020-03-19T20:40:00+00:00\",\"dateModified\":\"2020-07-01T14:11:45+00:00\",\"breadcrumb\":{\"@id\":\"https:\\\/\\\/urban-history.eu\\\/de\\\/datenschutzerklarung#breadcrumb\"},\"inLanguage\":\"de\",\"potentialAction\":[{\"@type\":\"ReadAction\",\"target\":[\"https:\\\/\\\/urban-history.eu\\\/de\\\/datenschutzerklarung\"]}]},{\"@type\":\"ImageObject\",\"inLanguage\":\"de\",\"@id\":\"https:\\\/\\\/urban-history.eu\\\/de\\\/datenschutzerklarung#primaryimage\",\"url\":\"https:\\\/\\\/urban-history.eu\\\/wp-content\\\/uploads\\\/2020\\\/03\\\/urban-history-datenschutz.jpg\",\"contentUrl\":\"https:\\\/\\\/urban-history.eu\\\/wp-content\\\/uploads\\\/2020\\\/03\\\/urban-history-datenschutz.jpg\",\"width\":1800,\"height\":580},{\"@type\":\"BreadcrumbList\",\"@id\":\"https:\\\/\\\/urban-history.eu\\\/de\\\/datenschutzerklarung#breadcrumb\",\"itemListElement\":[{\"@type\":\"ListItem\",\"position\":1,\"name\":\"Startseite\",\"item\":\"https:\\\/\\\/urban-history.eu\\\/de\"},{\"@type\":\"ListItem\",\"position\":2,\"name\":\"Datenschutzerkl\u00e4rung\"}]},{\"@type\":\"WebSite\",\"@id\":\"https:\\\/\\\/urban-history.eu\\\/#website\",\"url\":\"https:\\\/\\\/urban-history.eu\\\/\",\"name\":\"urban history\",\"description\":\"Dr. Markus Urban &amp; Daniel G\u00fcrtler GbR\",\"potentialAction\":[{\"@type\":\"SearchAction\",\"target\":{\"@type\":\"EntryPoint\",\"urlTemplate\":\"https:\\\/\\\/urban-history.eu\\\/?s={search_term_string}\"},\"query-input\":{\"@type\":\"PropertyValueSpecification\",\"valueRequired\":true,\"valueName\":\"search_term_string\"}}],\"inLanguage\":\"de\"}]}<\/script>\n<!-- \/ Yoast SEO plugin. -->","yoast_head_json":{"title":"Datenschutzerkl\u00e4rung - urban history","robots":{"index":"index","follow":"follow","max-snippet":"max-snippet:-1","max-image-preview":"max-image-preview:large","max-video-preview":"max-video-preview:-1"},"canonical":"https:\/\/urban-history.eu\/de\/datenschutzerklarung","og_locale":"de_DE","og_type":"article","og_title":"Datenschutzerkl\u00e4rung - urban history","og_description":"Datenschutzerkl\u00e4rung 1. Name und Adresse des Verantwortlichen Der Verantwortliche im Sinne der Datenschutz-Grundverordnung (DSGVO) und anderer nationaler Datenschutzgesetze der Mitgliedsstaaten sowie sonstiger datenschutzrechtlicher Bestimmungen ist die: urban history Dr. Markus Urban and Daniel G\u00fcrtler GbR Hochstra\u00dfe 3390429 Nuremberg Telefon+49-911-9413934E-mail: info@urban-history.eu 2. Datenschutz Anonyme Daten sind Daten, die nicht dazu verwendet werden k\u00f6nnen, R\u00fcckschl\u00fcsse auf Ihre [&hellip;]","og_url":"https:\/\/urban-history.eu\/de\/datenschutzerklarung","og_site_name":"urban history","article_modified_time":"2020-07-01T14:11:45+00:00","og_image":[{"width":1800,"height":580,"url":"https:\/\/urban-history.eu\/wp-content\/uploads\/2020\/03\/urban-history-datenschutz.jpg","type":"image\/jpeg"}],"twitter_card":"summary_large_image","twitter_misc":{"Gesch\u00e4tzte Lesezeit":"3\u00a0Minuten"},"schema":{"@context":"https:\/\/schema.org","@graph":[{"@type":"WebPage","@id":"https:\/\/urban-history.eu\/de\/datenschutzerklarung","url":"https:\/\/urban-history.eu\/de\/datenschutzerklarung","name":"Datenschutzerkl\u00e4rung - urban history","isPartOf":{"@id":"https:\/\/urban-history.eu\/#website"},"primaryImageOfPage":{"@id":"https:\/\/urban-history.eu\/de\/datenschutzerklarung#primaryimage"},"image":{"@id":"https:\/\/urban-history.eu\/de\/datenschutzerklarung#primaryimage"},"thumbnailUrl":"https:\/\/urban-history.eu\/wp-content\/uploads\/2020\/03\/urban-history-datenschutz.jpg","datePublished":"2020-03-19T20:40:00+00:00","dateModified":"2020-07-01T14:11:45+00:00","breadcrumb":{"@id":"https:\/\/urban-history.eu\/de\/datenschutzerklarung#breadcrumb"},"inLanguage":"de","potentialAction":[{"@type":"ReadAction","target":["https:\/\/urban-history.eu\/de\/datenschutzerklarung"]}]},{"@type":"ImageObject","inLanguage":"de","@id":"https:\/\/urban-history.eu\/de\/datenschutzerklarung#primaryimage","url":"https:\/\/urban-history.eu\/wp-content\/uploads\/2020\/03\/urban-history-datenschutz.jpg","contentUrl":"https:\/\/urban-history.eu\/wp-content\/uploads\/2020\/03\/urban-history-datenschutz.jpg","width":1800,"height":580},{"@type":"BreadcrumbList","@id":"https:\/\/urban-history.eu\/de\/datenschutzerklarung#breadcrumb","itemListElement":[{"@type":"ListItem","position":1,"name":"Startseite","item":"https:\/\/urban-history.eu\/de"},{"@type":"ListItem","position":2,"name":"Datenschutzerkl\u00e4rung"}]},{"@type":"WebSite","@id":"https:\/\/urban-history.eu\/#website","url":"https:\/\/urban-history.eu\/","name":"urban history","description":"Dr. Markus Urban &amp; Daniel G\u00fcrtler GbR","potentialAction":[{"@type":"SearchAction","target":{"@type":"EntryPoint","urlTemplate":"https:\/\/urban-history.eu\/?s={search_term_string}"},"query-input":{"@type":"PropertyValueSpecification","valueRequired":true,"valueName":"search_term_string"}}],"inLanguage":"de"}]}},"_links":{"self":[{"href":"https:\/\/urban-history.eu\/de\/wp-json\/wp\/v2\/pages\/197","targetHints":{"allow":["GET"]}}],"collection":[{"href":"https:\/\/urban-history.eu\/de\/wp-json\/wp\/v2\/pages"}],"about":[{"href":"https:\/\/urban-history.eu\/de\/wp-json\/wp\/v2\/types\/page"}],"author":[{"embeddable":true,"href":"https:\/\/urban-history.eu\/de\/wp-json\/wp\/v2\/users\/1"}],"replies":[{"embeddable":true,"href":"https:\/\/urban-history.eu\/de\/wp-json\/wp\/v2\/comments?post=197"}],"version-history":[{"count":2,"href":"https:\/\/urban-history.eu\/de\/wp-json\/wp\/v2\/pages\/197\/revisions"}],"predecessor-version":[{"id":254,"href":"https:\/\/urban-history.eu\/de\/wp-json\/wp\/v2\/pages\/197\/revisions\/254"}],"wp:featuredmedia":[{"embeddable":true,"href":"https:\/\/urban-history.eu\/de\/wp-json\/wp\/v2\/media\/174"}],"wp:attachment":[{"href":"https:\/\/urban-history.eu\/de\/wp-json\/wp\/v2\/media?parent=197"}],"curies":[{"name":"wp","href":"https:\/\/api.w.org\/{rel}","templated":true}]}}