{"id":200,"date":"2020-03-19T21:47:37","date_gmt":"2020-03-19T20:47:37","guid":{"rendered":"https:\/\/urban-history.eu\/imprint"},"modified":"2024-06-21T17:12:12","modified_gmt":"2024-06-21T15:12:12","slug":"impressum","status":"publish","type":"page","link":"https:\/\/urban-history.eu\/de\/impressum","title":{"rendered":"Impressum"},"content":{"rendered":"\n<h1 class=\"wp-block-heading has-text-align-center\"><strong>Impressum <\/strong><\/h1>\n\n\n\n<div class=\"wp-block-columns is-layout-flex wp-container-core-columns-is-layout-9d6595d7 wp-block-columns-is-layout-flex\">\n<div class=\"wp-block-column is-layout-flow wp-block-column-is-layout-flow\">\n<p><strong _msttexthash=\"2443220\" _msthash=\"489\">Verantwortlich im Sinne des Digitale-Dienstes-Gesetz (DDG) ist:<\/strong><\/p>\n\n\n\n<p><strong _istranslated=\"1\">Stadtgeschichte<\/strong><br>Dr. Markus Urban und Daniel G\u00fcrtler GbR<br>Hochstra\u00dfe 33<br>90429 N\u00fcrnberg<br>Telefon: +49-911-9413934<br>E-Mail: <a _istranslated=\"1\" href=\"mailto:info@urban-history.eu\">info@urban-history.eu<\/a><br><a _istranslated=\"1\" href=\"http:\/\/www.urban-history.eu\">www.urban-history.eu<\/a><br>  <\/p>\n\n\n\n<p>Rechtsform: Gesellschaft b\u00fcrgerlichen Rechts (GbR)<br>Gesellschafter: Dr. Markus Urban, Daniel G\u00fcrtler<br>USt.-ID: DE269710153<\/p>\n\n\n\n<p>Verantwortlicher nach \u00a7 55 RStV: Daniel G\u00fcrtler<\/p>\n\n\n\n<p><strong>Information nach dem Verbraucherstreitbeilegungsgesetz:<\/strong><br>Es besteht keine Verpflichtung und keine Bereitschaft zur Teilnahme an einem Streitbeilegungsverfahren vor einer Verbraucherschlichtungsstelle.<\/p>\n\n\n\n<p><strong><strong>Bildrechte<\/strong><\/strong><\/p>\n\n\n\n<p>Startseite: Goldenes Rhinozeros \u00a9 Markus Urban<br>\u00dcber uns: Flaggen in Wien \u00a9 Markus Urban<br>Portraits: Markus Urban \/ Daniel G\u00fcrtler: \u00a9 <a href=\"http:\/\/www.geschichte-fuer-alle.de\" target=\"_blank\" rel=\"noreferrer noopener\">Geschichte f\u00fcr Alle e.V.<\/a><br>Orte: W\u00fcrzburg: \u00a9 <a href=\"https:\/\/stock.adobe.com\/de\/contributor\/205495862\/pusteflower9024?load_type=author&amp;prev_url=detail\">pusteflower9024 <\/a>\u2013 stock.adobe.com<br>Themen: K\u00f6ln: \u00a9 <a href=\"https:\/\/stock.adobe.com\/de\/contributor\/205974459\/majonit?load_type=author&amp;prev_url=detail\">majonit <\/a>&nbsp;\u2013 stock.adobe.com<br>Warum wir: N\u00fcrnberger Hafen \/ D\u00fcrer \u00a9 Daniel G\u00fcrtler<br>FAQ: Mikrophon: \u00a9 <a href=\"https:\/\/stock.adobe.com\/de\/contributor\/203814079\/prasert?load_type=author&amp;prev_url=detail\">PRASERT <\/a>\u2013 stock.adobe.com<br>Impressum: &nbsp;Schleusenw\u00e4rterh\u00e4uschen: \u00a9 Daniel G\u00fcrtler<br>Datenschutz: Bamberger Hafen: \u00a9 Markus Urban<br>Icons: \u00a9 <a href=\"https:\/\/www.shutterstock.com\/de\/g\/Treter\">Treter<\/a> \u2013 shutterstock.com<\/p>\n\n\n\n<p><strong><strong>Design und technische Umsetzung<\/strong><\/strong><\/p>\n\n\n\n<p><strong> <\/strong>2elemente<br> Dilherrstra\u00dfe 6<br> 90429 N\u00fcrnberg<br> Telefon 0911 2740492<br> <a href=\"mailto:info@2elemente.de\">info@2elemente.de<\/a><br> <a href=\"http:\/\/www.2elemente.de\">www.2elemente.de<\/a><\/p>\n\n\n\n<p><\/p>\n<\/div>\n\n\n\n<div class=\"wp-block-column is-layout-flow wp-block-column-is-layout-flow\">\n<h3 class=\"wp-block-heading\"><strong>Disclaimer<\/strong><\/h3>\n\n\n\n<p><strong><strong>1. Haftung f\u00fcr Inhalte<\/strong><\/strong><\/p>\n\n\n\n<p>Die Inhalte unserer Seiten wurden mit gr\u00f6\u00dfter Sorgfalt erstellt. F\u00fcr die Richtigkeit, Vollst\u00e4ndigkeit und Aktualit\u00e4t der Inhalte k\u00f6nnen wir jedoch keine Gew\u00e4hr \u00fcbernehmen. Als Diensteanbieter sind wir gem\u00e4\u00df \u00a7 7\/1 TMG f\u00fcr eigene Inhalte auf diesen Seiten verantwortlich. Nach \u00a7\u00a7 8 bis 10 TMG sind wir jedoch nicht verpflichtet, \u00fcbermittelte oder gespeicherte fremde Informationen zu \u00fcberwachen. Verpflichtungen zur Entfernung oder Sperrung der Nutzung von Informationen nach den allgemeinen Gesetzen bleiben hiervon unber\u00fchrt. Eine diesbez\u00fcgliche Haftung ist jedoch erst ab dem Zeitpunkt der Kenntnis einer konkreten Rechtsverletzung m\u00f6glich. Bei Bekanntwerden von entsprechenden Rechtsverletzungen werden wir diese Inhalte umgehend entfernen.<\/p>\n\n\n\n<p><strong>2. <strong>Haftung f\u00fcr Links<\/strong><\/strong><\/p>\n\n\n\n<p>Unsere Website enth\u00e4lt Links zu externen Websites. Wir haben keinen Einfluss und keine Kontrolle \u00fcber diese Webseiten Dritter und k\u00f6nnen daher weder deren Richtigkeit garantieren noch irgendeine Haftung f\u00fcr diese Websites \u00fcbernehmen. F\u00fcr die Inhalte der verlinkten Seiten ist stets der jeweilige Anbieter oder Betreiber der Seiten verantwortlich. Wir distanzieren uns hiermit ausdr\u00fccklich von den verlinkten Seiten. Zum Zeitpunkt der Verlinkung waren f\u00fcr uns keine Rechtsverst\u00f6\u00dfe ersichtlich. Bei Bekanntwerden von Rechtsverletzungen werden wir derartige Links umgehend entfernen.<\/p>\n\n\n\n<p><strong>3. <strong>Urheberrecht<\/strong><\/strong><\/p>\n\n\n\n<p>Unsere Webseiten und deren Inhalte unterliegen dem deutschen Urheberrecht. Die Vervielf\u00e4ltigung, Bearbeitung, Verbreitung und jede Art der Verwertung au\u00dferhalb der Grenzen des Urheberrechtes bed\u00fcrfen der schriftlichen Zustimmung des jeweiligen Autors bzw. Erstellers, soweit nicht ausdr\u00fccklich gesetzlich gestattet. Einzelne Vervielf\u00e4ltigungen dieser Seiten sind nur f\u00fcr den privaten, nicht kommerziellen Gebrauch gestattet. Jede unerlaubte Nutzung kann gegen das Urheberrecht versto\u00dfen. Soweit die Inhalte auf dieser Seite nicht vom Betreiber erstellt wurden, wurden die Urheberrechte Dritter beachtet. Sollten Sie trotzdem auf eine Urheberrechtsverletzung aufmerksam werden, bitten wir um einen entsprechenden Hinweis. Bei Bekanntwerden von Rechtsverletzungen werden wir derartige Inhalte umgehend entfernen.<\/p>\n\n\n\n<p><\/p>\n<\/div>\n<\/div>\n","protected":false},"excerpt":{"rendered":"<p>Impressum Verantwortlich im Sinne des Digitale-Dienstes-Gesetz (DDG) ist: StadtgeschichteDr. Markus Urban und Daniel G\u00fcrtler GbRHochstra\u00dfe 3390429 N\u00fcrnbergTelefon: +49-911-9413934E-Mail: info@urban-history.euwww.urban-history.eu Rechtsform: Gesellschaft b\u00fcrgerlichen Rechts (GbR)Gesellschafter: Dr. Markus Urban, Daniel G\u00fcrtlerUSt.-ID: DE269710153 Verantwortlicher nach \u00a7 55 RStV: Daniel G\u00fcrtler Information nach dem Verbraucherstreitbeilegungsgesetz:Es besteht keine Verpflichtung und keine Bereitschaft zur Teilnahme an einem Streitbeilegungsverfahren vor einer Verbraucherschlichtungsstelle. [&hellip;]<\/p>\n","protected":false},"author":1,"featured_media":175,"parent":0,"menu_order":0,"comment_status":"closed","ping_status":"closed","template":"","meta":{"footnotes":""},"class_list":["post-200","page","type-page","status-publish","has-post-thumbnail","hentry"],"yoast_head":"<!-- This site is optimized with the Yoast SEO plugin v27.4 - https:\/\/yoast.com\/product\/yoast-seo-wordpress\/ -->\n<title>Impressum - urban history<\/title>\n<meta name=\"robots\" content=\"index, follow, max-snippet:-1, max-image-preview:large, max-video-preview:-1\" \/>\n<link rel=\"canonical\" href=\"https:\/\/urban-history.eu\/de\/impressum\" \/>\n<meta property=\"og:locale\" content=\"de_DE\" \/>\n<meta property=\"og:type\" content=\"article\" \/>\n<meta property=\"og:title\" content=\"Impressum - urban history\" \/>\n<meta property=\"og:description\" content=\"Impressum Verantwortlich im Sinne des Digitale-Dienstes-Gesetz (DDG) ist: StadtgeschichteDr. Markus Urban und Daniel G\u00fcrtler GbRHochstra\u00dfe 3390429 N\u00fcrnbergTelefon: +49-911-9413934E-Mail: info@urban-history.euwww.urban-history.eu Rechtsform: Gesellschaft b\u00fcrgerlichen Rechts (GbR)Gesellschafter: Dr. Markus Urban, Daniel G\u00fcrtlerUSt.-ID: DE269710153 Verantwortlicher nach \u00a7 55 RStV: Daniel G\u00fcrtler Information nach dem Verbraucherstreitbeilegungsgesetz:Es besteht keine Verpflichtung und keine Bereitschaft zur Teilnahme an einem Streitbeilegungsverfahren vor einer Verbraucherschlichtungsstelle. [&hellip;]\" \/>\n<meta property=\"og:url\" content=\"https:\/\/urban-history.eu\/de\/impressum\" \/>\n<meta property=\"og:site_name\" content=\"urban history\" \/>\n<meta property=\"article:modified_time\" content=\"2024-06-21T15:12:12+00:00\" \/>\n<meta property=\"og:image\" content=\"https:\/\/urban-history.eu\/wp-content\/uploads\/2020\/03\/urban-history-impressum.jpg\" \/>\n\t<meta property=\"og:image:width\" content=\"1800\" \/>\n\t<meta property=\"og:image:height\" content=\"580\" \/>\n\t<meta property=\"og:image:type\" content=\"image\/jpeg\" \/>\n<meta name=\"twitter:card\" content=\"summary_large_image\" \/>\n<meta name=\"twitter:label1\" content=\"Gesch\u00e4tzte Lesezeit\" \/>\n\t<meta name=\"twitter:data1\" content=\"2\u00a0Minuten\" \/>\n<script type=\"application\/ld+json\" class=\"yoast-schema-graph\">{\"@context\":\"https:\\\/\\\/schema.org\",\"@graph\":[{\"@type\":\"WebPage\",\"@id\":\"https:\\\/\\\/urban-history.eu\\\/de\\\/impressum\",\"url\":\"https:\\\/\\\/urban-history.eu\\\/de\\\/impressum\",\"name\":\"Impressum - urban history\",\"isPartOf\":{\"@id\":\"https:\\\/\\\/urban-history.eu\\\/#website\"},\"primaryImageOfPage\":{\"@id\":\"https:\\\/\\\/urban-history.eu\\\/de\\\/impressum#primaryimage\"},\"image\":{\"@id\":\"https:\\\/\\\/urban-history.eu\\\/de\\\/impressum#primaryimage\"},\"thumbnailUrl\":\"https:\\\/\\\/urban-history.eu\\\/wp-content\\\/uploads\\\/2020\\\/03\\\/urban-history-impressum.jpg\",\"datePublished\":\"2020-03-19T20:47:37+00:00\",\"dateModified\":\"2024-06-21T15:12:12+00:00\",\"breadcrumb\":{\"@id\":\"https:\\\/\\\/urban-history.eu\\\/de\\\/impressum#breadcrumb\"},\"inLanguage\":\"de\",\"potentialAction\":[{\"@type\":\"ReadAction\",\"target\":[\"https:\\\/\\\/urban-history.eu\\\/de\\\/impressum\"]}]},{\"@type\":\"ImageObject\",\"inLanguage\":\"de\",\"@id\":\"https:\\\/\\\/urban-history.eu\\\/de\\\/impressum#primaryimage\",\"url\":\"https:\\\/\\\/urban-history.eu\\\/wp-content\\\/uploads\\\/2020\\\/03\\\/urban-history-impressum.jpg\",\"contentUrl\":\"https:\\\/\\\/urban-history.eu\\\/wp-content\\\/uploads\\\/2020\\\/03\\\/urban-history-impressum.jpg\",\"width\":1800,\"height\":580},{\"@type\":\"BreadcrumbList\",\"@id\":\"https:\\\/\\\/urban-history.eu\\\/de\\\/impressum#breadcrumb\",\"itemListElement\":[{\"@type\":\"ListItem\",\"position\":1,\"name\":\"Startseite\",\"item\":\"https:\\\/\\\/urban-history.eu\\\/de\"},{\"@type\":\"ListItem\",\"position\":2,\"name\":\"Impressum\"}]},{\"@type\":\"WebSite\",\"@id\":\"https:\\\/\\\/urban-history.eu\\\/#website\",\"url\":\"https:\\\/\\\/urban-history.eu\\\/\",\"name\":\"urban history\",\"description\":\"Dr. Markus Urban &amp; Daniel G\u00fcrtler GbR\",\"potentialAction\":[{\"@type\":\"SearchAction\",\"target\":{\"@type\":\"EntryPoint\",\"urlTemplate\":\"https:\\\/\\\/urban-history.eu\\\/?s={search_term_string}\"},\"query-input\":{\"@type\":\"PropertyValueSpecification\",\"valueRequired\":true,\"valueName\":\"search_term_string\"}}],\"inLanguage\":\"de\"}]}<\/script>\n<!-- \/ Yoast SEO plugin. -->","yoast_head_json":{"title":"Impressum - urban history","robots":{"index":"index","follow":"follow","max-snippet":"max-snippet:-1","max-image-preview":"max-image-preview:large","max-video-preview":"max-video-preview:-1"},"canonical":"https:\/\/urban-history.eu\/de\/impressum","og_locale":"de_DE","og_type":"article","og_title":"Impressum - urban history","og_description":"Impressum Verantwortlich im Sinne des Digitale-Dienstes-Gesetz (DDG) ist: StadtgeschichteDr. Markus Urban und Daniel G\u00fcrtler GbRHochstra\u00dfe 3390429 N\u00fcrnbergTelefon: +49-911-9413934E-Mail: info@urban-history.euwww.urban-history.eu Rechtsform: Gesellschaft b\u00fcrgerlichen Rechts (GbR)Gesellschafter: Dr. Markus Urban, Daniel G\u00fcrtlerUSt.-ID: DE269710153 Verantwortlicher nach \u00a7 55 RStV: Daniel G\u00fcrtler Information nach dem Verbraucherstreitbeilegungsgesetz:Es besteht keine Verpflichtung und keine Bereitschaft zur Teilnahme an einem Streitbeilegungsverfahren vor einer Verbraucherschlichtungsstelle. [&hellip;]","og_url":"https:\/\/urban-history.eu\/de\/impressum","og_site_name":"urban history","article_modified_time":"2024-06-21T15:12:12+00:00","og_image":[{"width":1800,"height":580,"url":"https:\/\/urban-history.eu\/wp-content\/uploads\/2020\/03\/urban-history-impressum.jpg","type":"image\/jpeg"}],"twitter_card":"summary_large_image","twitter_misc":{"Gesch\u00e4tzte Lesezeit":"2\u00a0Minuten"},"schema":{"@context":"https:\/\/schema.org","@graph":[{"@type":"WebPage","@id":"https:\/\/urban-history.eu\/de\/impressum","url":"https:\/\/urban-history.eu\/de\/impressum","name":"Impressum - urban history","isPartOf":{"@id":"https:\/\/urban-history.eu\/#website"},"primaryImageOfPage":{"@id":"https:\/\/urban-history.eu\/de\/impressum#primaryimage"},"image":{"@id":"https:\/\/urban-history.eu\/de\/impressum#primaryimage"},"thumbnailUrl":"https:\/\/urban-history.eu\/wp-content\/uploads\/2020\/03\/urban-history-impressum.jpg","datePublished":"2020-03-19T20:47:37+00:00","dateModified":"2024-06-21T15:12:12+00:00","breadcrumb":{"@id":"https:\/\/urban-history.eu\/de\/impressum#breadcrumb"},"inLanguage":"de","potentialAction":[{"@type":"ReadAction","target":["https:\/\/urban-history.eu\/de\/impressum"]}]},{"@type":"ImageObject","inLanguage":"de","@id":"https:\/\/urban-history.eu\/de\/impressum#primaryimage","url":"https:\/\/urban-history.eu\/wp-content\/uploads\/2020\/03\/urban-history-impressum.jpg","contentUrl":"https:\/\/urban-history.eu\/wp-content\/uploads\/2020\/03\/urban-history-impressum.jpg","width":1800,"height":580},{"@type":"BreadcrumbList","@id":"https:\/\/urban-history.eu\/de\/impressum#breadcrumb","itemListElement":[{"@type":"ListItem","position":1,"name":"Startseite","item":"https:\/\/urban-history.eu\/de"},{"@type":"ListItem","position":2,"name":"Impressum"}]},{"@type":"WebSite","@id":"https:\/\/urban-history.eu\/#website","url":"https:\/\/urban-history.eu\/","name":"urban history","description":"Dr. Markus Urban &amp; Daniel G\u00fcrtler GbR","potentialAction":[{"@type":"SearchAction","target":{"@type":"EntryPoint","urlTemplate":"https:\/\/urban-history.eu\/?s={search_term_string}"},"query-input":{"@type":"PropertyValueSpecification","valueRequired":true,"valueName":"search_term_string"}}],"inLanguage":"de"}]}},"_links":{"self":[{"href":"https:\/\/urban-history.eu\/de\/wp-json\/wp\/v2\/pages\/200","targetHints":{"allow":["GET"]}}],"collection":[{"href":"https:\/\/urban-history.eu\/de\/wp-json\/wp\/v2\/pages"}],"about":[{"href":"https:\/\/urban-history.eu\/de\/wp-json\/wp\/v2\/types\/page"}],"author":[{"embeddable":true,"href":"https:\/\/urban-history.eu\/de\/wp-json\/wp\/v2\/users\/1"}],"replies":[{"embeddable":true,"href":"https:\/\/urban-history.eu\/de\/wp-json\/wp\/v2\/comments?post=200"}],"version-history":[{"count":4,"href":"https:\/\/urban-history.eu\/de\/wp-json\/wp\/v2\/pages\/200\/revisions"}],"predecessor-version":[{"id":273,"href":"https:\/\/urban-history.eu\/de\/wp-json\/wp\/v2\/pages\/200\/revisions\/273"}],"wp:featuredmedia":[{"embeddable":true,"href":"https:\/\/urban-history.eu\/de\/wp-json\/wp\/v2\/media\/175"}],"wp:attachment":[{"href":"https:\/\/urban-history.eu\/de\/wp-json\/wp\/v2\/media?parent=200"}],"curies":[{"name":"wp","href":"https:\/\/api.w.org\/{rel}","templated":true}]}}