{"id":203,"date":"2020-01-29T22:52:36","date_gmt":"2020-01-29T21:52:36","guid":{"rendered":"https:\/\/urban-history.eu\/faq"},"modified":"2020-06-01T20:57:02","modified_gmt":"2020-06-01T18:57:02","slug":"faq","status":"publish","type":"page","link":"https:\/\/urban-history.eu\/de\/faq","title":{"rendered":"FAQ"},"content":{"rendered":"\n<h1 class=\"has-text-align-center wp-block-heading\"><strong>H\u00e4ufig gestellte Fragen<\/strong><\/h1>\n\n\n\n<div class=\"wp-block-columns is-layout-flex wp-container-core-columns-is-layout-9d6595d7 wp-block-columns-is-layout-flex\">\n<div class=\"wp-block-column is-layout-flow wp-block-column-is-layout-flow\">\n<p><strong>Sind eure Vortr\u00e4ge langweilig und trocken?<\/strong><br>Ganz und gar nicht!<br>Wir verf\u00fcgen \u00fcber langj\u00e4hrige Erfahrung im Bereich der Wissensvermittlung und kennen unsere Zielgruppe sehr genau. Unabh\u00e4ngig von ihrem Vorwissen holen wir alle G\u00e4ste dort ab, wo sie stehen. Unterhaltsam pr\u00e4sentiert und mit vielen Bildern und Karten unterlegt, wird jeder unserer Vortr\u00e4ge zu einem Erlebnis.<\/p>\n\n\n\n<p><strong>F\u00fcr welche Regionen kann ich euch buchen?<\/strong><br>In allen Flussh\u00e4fen zwischen Amsterdam, Basel und Budapest \u2013 und auf allen Fahrstrecken auf Rhein, Mosel, Main und Donau.<\/p>\n<\/div>\n\n\n\n<div class=\"wp-block-column is-layout-flow wp-block-column-is-layout-flow\">\n<p><strong>K\u00f6nnen die Vortr\u00e4ge auch auf einem fahrenden Schiff stattfinden?<\/strong><br>Selbstverst\u00e4ndlich. Wenn das Schiff f\u00e4hrt, haben wir in der Regel sogar ein gr\u00f6\u00dferes Publikum. Von Ludwigshafen nach Worms, von Koblenz nach K\u00f6ln oder von Wien nach Bratislava \u2013 das sind nur einige unserer beliebtesten Unterwegsstrecken. H\u00e4ufig ist der Zu- oder Ausstieg an einer der vielen Schleusen entlang der Fl\u00fcsse oder am Main-Donau-Kanal m\u00f6glich.<br><\/p>\n\n\n\n<p><\/p>\n<\/div>\n\n\n\n<div class=\"wp-block-column is-layout-flow wp-block-column-is-layout-flow\">\n<p><strong><strong>Welche Themen behandelt ihr?<\/strong><br><\/strong>In unseren Vortr\u00e4gen behandeln wir ein breites Spektrum an historischen, politischen, geographischen und sozialen Themen. Deutschsprachige G\u00e4ste interessieren sich besonders f\u00fcr unsere kulturgeschichtlichen Vortr\u00e4ge zu den Fl\u00fcssen Rhein und Donau sowie zu Geschichte und Technik der k\u00fcnstlichen Main-Donau-Wasserstra\u00dfe.<\/p>\n\n\n\n<p><strong>Wie lange dauert ein Vortrag?<\/strong><br>40 bis 45 Minuten. Im Anschluss folgt in der Regel noch eine ca. 10- bis 15-min\u00fctige Fragerunde.<\/p>\n\n\n\n<p><\/p>\n<\/div>\n<\/div>\n","protected":false},"excerpt":{"rendered":"<p>H\u00e4ufig gestellte Fragen Sind eure Vortr\u00e4ge langweilig und trocken?Ganz und gar nicht!Wir verf\u00fcgen \u00fcber langj\u00e4hrige Erfahrung im Bereich der Wissensvermittlung und kennen unsere Zielgruppe sehr genau. Unabh\u00e4ngig von ihrem Vorwissen holen wir alle G\u00e4ste dort ab, wo sie stehen. Unterhaltsam pr\u00e4sentiert und mit vielen Bildern und Karten unterlegt, wird jeder unserer Vortr\u00e4ge zu einem Erlebnis. [&hellip;]<\/p>\n","protected":false},"author":1,"featured_media":167,"parent":0,"menu_order":0,"comment_status":"closed","ping_status":"closed","template":"","meta":{"footnotes":""},"class_list":["post-203","page","type-page","status-publish","has-post-thumbnail","hentry"],"yoast_head":"<!-- This site is optimized with the Yoast SEO plugin v27.4 - https:\/\/yoast.com\/product\/yoast-seo-wordpress\/ -->\n<title>FAQ - urban history<\/title>\n<meta name=\"robots\" content=\"index, follow, max-snippet:-1, max-image-preview:large, max-video-preview:-1\" \/>\n<link rel=\"canonical\" href=\"https:\/\/urban-history.eu\/de\/faq\" \/>\n<meta property=\"og:locale\" content=\"de_DE\" \/>\n<meta property=\"og:type\" content=\"article\" \/>\n<meta property=\"og:title\" content=\"FAQ - urban history\" \/>\n<meta property=\"og:description\" content=\"H\u00e4ufig gestellte Fragen Sind eure Vortr\u00e4ge langweilig und trocken?Ganz und gar nicht!Wir verf\u00fcgen \u00fcber langj\u00e4hrige Erfahrung im Bereich der Wissensvermittlung und kennen unsere Zielgruppe sehr genau. Unabh\u00e4ngig von ihrem Vorwissen holen wir alle G\u00e4ste dort ab, wo sie stehen. Unterhaltsam pr\u00e4sentiert und mit vielen Bildern und Karten unterlegt, wird jeder unserer Vortr\u00e4ge zu einem Erlebnis. [&hellip;]\" \/>\n<meta property=\"og:url\" content=\"https:\/\/urban-history.eu\/de\/faq\" \/>\n<meta property=\"og:site_name\" content=\"urban history\" \/>\n<meta property=\"article:modified_time\" content=\"2020-06-01T18:57:02+00:00\" \/>\n<meta property=\"og:image\" content=\"https:\/\/urban-history.eu\/wp-content\/uploads\/2020\/02\/faq.jpg\" \/>\n\t<meta property=\"og:image:width\" content=\"1800\" \/>\n\t<meta property=\"og:image:height\" content=\"578\" \/>\n\t<meta property=\"og:image:type\" content=\"image\/jpeg\" \/>\n<meta name=\"twitter:card\" content=\"summary_large_image\" \/>\n<meta name=\"twitter:label1\" content=\"Gesch\u00e4tzte Lesezeit\" \/>\n\t<meta name=\"twitter:data1\" content=\"1\u00a0Minute\" \/>\n<script type=\"application\/ld+json\" class=\"yoast-schema-graph\">{\"@context\":\"https:\\\/\\\/schema.org\",\"@graph\":[{\"@type\":\"WebPage\",\"@id\":\"https:\\\/\\\/urban-history.eu\\\/de\\\/faq\",\"url\":\"https:\\\/\\\/urban-history.eu\\\/de\\\/faq\",\"name\":\"FAQ - urban history\",\"isPartOf\":{\"@id\":\"https:\\\/\\\/urban-history.eu\\\/#website\"},\"primaryImageOfPage\":{\"@id\":\"https:\\\/\\\/urban-history.eu\\\/de\\\/faq#primaryimage\"},\"image\":{\"@id\":\"https:\\\/\\\/urban-history.eu\\\/de\\\/faq#primaryimage\"},\"thumbnailUrl\":\"https:\\\/\\\/urban-history.eu\\\/wp-content\\\/uploads\\\/2020\\\/02\\\/faq.jpg\",\"datePublished\":\"2020-01-29T21:52:36+00:00\",\"dateModified\":\"2020-06-01T18:57:02+00:00\",\"breadcrumb\":{\"@id\":\"https:\\\/\\\/urban-history.eu\\\/de\\\/faq#breadcrumb\"},\"inLanguage\":\"de\",\"potentialAction\":[{\"@type\":\"ReadAction\",\"target\":[\"https:\\\/\\\/urban-history.eu\\\/de\\\/faq\"]}]},{\"@type\":\"ImageObject\",\"inLanguage\":\"de\",\"@id\":\"https:\\\/\\\/urban-history.eu\\\/de\\\/faq#primaryimage\",\"url\":\"https:\\\/\\\/urban-history.eu\\\/wp-content\\\/uploads\\\/2020\\\/02\\\/faq.jpg\",\"contentUrl\":\"https:\\\/\\\/urban-history.eu\\\/wp-content\\\/uploads\\\/2020\\\/02\\\/faq.jpg\",\"width\":1800,\"height\":578},{\"@type\":\"BreadcrumbList\",\"@id\":\"https:\\\/\\\/urban-history.eu\\\/de\\\/faq#breadcrumb\",\"itemListElement\":[{\"@type\":\"ListItem\",\"position\":1,\"name\":\"Startseite\",\"item\":\"https:\\\/\\\/urban-history.eu\\\/de\"},{\"@type\":\"ListItem\",\"position\":2,\"name\":\"FAQ\"}]},{\"@type\":\"WebSite\",\"@id\":\"https:\\\/\\\/urban-history.eu\\\/#website\",\"url\":\"https:\\\/\\\/urban-history.eu\\\/\",\"name\":\"urban history\",\"description\":\"Dr. Markus Urban &amp; Daniel G\u00fcrtler GbR\",\"potentialAction\":[{\"@type\":\"SearchAction\",\"target\":{\"@type\":\"EntryPoint\",\"urlTemplate\":\"https:\\\/\\\/urban-history.eu\\\/?s={search_term_string}\"},\"query-input\":{\"@type\":\"PropertyValueSpecification\",\"valueRequired\":true,\"valueName\":\"search_term_string\"}}],\"inLanguage\":\"de\"}]}<\/script>\n<!-- \/ Yoast SEO plugin. -->","yoast_head_json":{"title":"FAQ - urban history","robots":{"index":"index","follow":"follow","max-snippet":"max-snippet:-1","max-image-preview":"max-image-preview:large","max-video-preview":"max-video-preview:-1"},"canonical":"https:\/\/urban-history.eu\/de\/faq","og_locale":"de_DE","og_type":"article","og_title":"FAQ - urban history","og_description":"H\u00e4ufig gestellte Fragen Sind eure Vortr\u00e4ge langweilig und trocken?Ganz und gar nicht!Wir verf\u00fcgen \u00fcber langj\u00e4hrige Erfahrung im Bereich der Wissensvermittlung und kennen unsere Zielgruppe sehr genau. Unabh\u00e4ngig von ihrem Vorwissen holen wir alle G\u00e4ste dort ab, wo sie stehen. Unterhaltsam pr\u00e4sentiert und mit vielen Bildern und Karten unterlegt, wird jeder unserer Vortr\u00e4ge zu einem Erlebnis. [&hellip;]","og_url":"https:\/\/urban-history.eu\/de\/faq","og_site_name":"urban history","article_modified_time":"2020-06-01T18:57:02+00:00","og_image":[{"width":1800,"height":578,"url":"https:\/\/urban-history.eu\/wp-content\/uploads\/2020\/02\/faq.jpg","type":"image\/jpeg"}],"twitter_card":"summary_large_image","twitter_misc":{"Gesch\u00e4tzte Lesezeit":"1\u00a0Minute"},"schema":{"@context":"https:\/\/schema.org","@graph":[{"@type":"WebPage","@id":"https:\/\/urban-history.eu\/de\/faq","url":"https:\/\/urban-history.eu\/de\/faq","name":"FAQ - urban history","isPartOf":{"@id":"https:\/\/urban-history.eu\/#website"},"primaryImageOfPage":{"@id":"https:\/\/urban-history.eu\/de\/faq#primaryimage"},"image":{"@id":"https:\/\/urban-history.eu\/de\/faq#primaryimage"},"thumbnailUrl":"https:\/\/urban-history.eu\/wp-content\/uploads\/2020\/02\/faq.jpg","datePublished":"2020-01-29T21:52:36+00:00","dateModified":"2020-06-01T18:57:02+00:00","breadcrumb":{"@id":"https:\/\/urban-history.eu\/de\/faq#breadcrumb"},"inLanguage":"de","potentialAction":[{"@type":"ReadAction","target":["https:\/\/urban-history.eu\/de\/faq"]}]},{"@type":"ImageObject","inLanguage":"de","@id":"https:\/\/urban-history.eu\/de\/faq#primaryimage","url":"https:\/\/urban-history.eu\/wp-content\/uploads\/2020\/02\/faq.jpg","contentUrl":"https:\/\/urban-history.eu\/wp-content\/uploads\/2020\/02\/faq.jpg","width":1800,"height":578},{"@type":"BreadcrumbList","@id":"https:\/\/urban-history.eu\/de\/faq#breadcrumb","itemListElement":[{"@type":"ListItem","position":1,"name":"Startseite","item":"https:\/\/urban-history.eu\/de"},{"@type":"ListItem","position":2,"name":"FAQ"}]},{"@type":"WebSite","@id":"https:\/\/urban-history.eu\/#website","url":"https:\/\/urban-history.eu\/","name":"urban history","description":"Dr. Markus Urban &amp; Daniel G\u00fcrtler GbR","potentialAction":[{"@type":"SearchAction","target":{"@type":"EntryPoint","urlTemplate":"https:\/\/urban-history.eu\/?s={search_term_string}"},"query-input":{"@type":"PropertyValueSpecification","valueRequired":true,"valueName":"search_term_string"}}],"inLanguage":"de"}]}},"_links":{"self":[{"href":"https:\/\/urban-history.eu\/de\/wp-json\/wp\/v2\/pages\/203","targetHints":{"allow":["GET"]}}],"collection":[{"href":"https:\/\/urban-history.eu\/de\/wp-json\/wp\/v2\/pages"}],"about":[{"href":"https:\/\/urban-history.eu\/de\/wp-json\/wp\/v2\/types\/page"}],"author":[{"embeddable":true,"href":"https:\/\/urban-history.eu\/de\/wp-json\/wp\/v2\/users\/1"}],"replies":[{"embeddable":true,"href":"https:\/\/urban-history.eu\/de\/wp-json\/wp\/v2\/comments?post=203"}],"version-history":[{"count":3,"href":"https:\/\/urban-history.eu\/de\/wp-json\/wp\/v2\/pages\/203\/revisions"}],"predecessor-version":[{"id":235,"href":"https:\/\/urban-history.eu\/de\/wp-json\/wp\/v2\/pages\/203\/revisions\/235"}],"wp:featuredmedia":[{"embeddable":true,"href":"https:\/\/urban-history.eu\/de\/wp-json\/wp\/v2\/media\/167"}],"wp:attachment":[{"href":"https:\/\/urban-history.eu\/de\/wp-json\/wp\/v2\/media?parent=203"}],"curies":[{"name":"wp","href":"https:\/\/api.w.org\/{rel}","templated":true}]}}