{"id":207,"date":"2020-01-29T22:52:16","date_gmt":"2020-01-29T21:52:16","guid":{"rendered":"https:\/\/urban-history.eu\/locations"},"modified":"2020-06-02T17:53:30","modified_gmt":"2020-06-02T15:53:30","slug":"orte","status":"publish","type":"page","link":"https:\/\/urban-history.eu\/de\/orte","title":{"rendered":"Orte"},"content":{"rendered":"\n<h1 class=\"has-text-align-center wp-block-heading\"><strong>Orte \u2013 wir sind \u00fcberall<\/strong><\/h1>\n\n\n\n<div class=\"wp-block-columns is-layout-flex wp-container-core-columns-is-layout-9d6595d7 wp-block-columns-is-layout-flex\">\n<div class=\"wp-block-column is-layout-flow wp-block-column-is-layout-flow\">\n<p>Wir verf\u00fcgen \u00fcber ein breit gef\u00e4chertes Netzwerk von Referenten an zahlreichen Standorten in sechs europ\u00e4ischen L\u00e4ndern. Dadurch k\u00f6nnen wir nicht nur s\u00e4mtliche Destinationen zwischen Amsterdam, Basel und Budapest bedienen, sondern auch nahezu alle Fahrstrecken unterwegs.<\/p>\n<\/div>\n\n\n\n<div class=\"wp-block-column is-layout-flow wp-block-column-is-layout-flow\">\n<p>Wir kennen jede Schleuse an Rhein, Main, Donau und Mosel aus eigener Erfahrung. <\/p>\n\n\n\n<p>\u00dcber den Main-Donau-Kanal mit seinen hohen Sparschleusen haben wir sogar ein Buch geschrieben.<\/p>\n<\/div>\n\n\n\n<div class=\"wp-block-column is-layout-flow wp-block-column-is-layout-flow\">\n<p>\u201eGeht nicht\u201c gibt\u2019s nicht \u2013 wo ein Wille ist, ist auch ein Weg zu einem Vortrag!<\/p>\n<\/div>\n<\/div>\n\n\n\n<p><\/p>\n","protected":false},"excerpt":{"rendered":"<p>Orte \u2013 wir sind \u00fcberall Wir verf\u00fcgen \u00fcber ein breit gef\u00e4chertes Netzwerk von Referenten an zahlreichen Standorten in sechs europ\u00e4ischen L\u00e4ndern. Dadurch k\u00f6nnen wir nicht nur s\u00e4mtliche Destinationen zwischen Amsterdam, Basel und Budapest bedienen, sondern auch nahezu alle Fahrstrecken unterwegs. Wir kennen jede Schleuse an Rhein, Main, Donau und Mosel aus eigener Erfahrung. \u00dcber den [&hellip;]<\/p>\n","protected":false},"author":1,"featured_media":169,"parent":0,"menu_order":0,"comment_status":"closed","ping_status":"closed","template":"","meta":{"footnotes":""},"class_list":["post-207","page","type-page","status-publish","has-post-thumbnail","hentry"],"yoast_head":"<!-- This site is optimized with the Yoast SEO plugin v27.4 - https:\/\/yoast.com\/product\/yoast-seo-wordpress\/ -->\n<title>Orte - urban history<\/title>\n<meta name=\"robots\" content=\"index, follow, max-snippet:-1, max-image-preview:large, max-video-preview:-1\" \/>\n<link rel=\"canonical\" href=\"https:\/\/urban-history.eu\/de\/orte\" \/>\n<meta property=\"og:locale\" content=\"de_DE\" \/>\n<meta property=\"og:type\" content=\"article\" \/>\n<meta property=\"og:title\" content=\"Orte - urban history\" \/>\n<meta property=\"og:description\" content=\"Orte \u2013 wir sind \u00fcberall Wir verf\u00fcgen \u00fcber ein breit gef\u00e4chertes Netzwerk von Referenten an zahlreichen Standorten in sechs europ\u00e4ischen L\u00e4ndern. Dadurch k\u00f6nnen wir nicht nur s\u00e4mtliche Destinationen zwischen Amsterdam, Basel und Budapest bedienen, sondern auch nahezu alle Fahrstrecken unterwegs. Wir kennen jede Schleuse an Rhein, Main, Donau und Mosel aus eigener Erfahrung. \u00dcber den [&hellip;]\" \/>\n<meta property=\"og:url\" content=\"https:\/\/urban-history.eu\/de\/orte\" \/>\n<meta property=\"og:site_name\" content=\"urban history\" \/>\n<meta property=\"article:modified_time\" content=\"2020-06-02T15:53:30+00:00\" \/>\n<meta property=\"og:image\" content=\"https:\/\/urban-history.eu\/wp-content\/uploads\/2020\/02\/locations.jpg\" \/>\n\t<meta property=\"og:image:width\" content=\"1800\" \/>\n\t<meta property=\"og:image:height\" content=\"578\" \/>\n\t<meta property=\"og:image:type\" content=\"image\/jpeg\" \/>\n<meta name=\"twitter:card\" content=\"summary_large_image\" \/>\n<script type=\"application\/ld+json\" class=\"yoast-schema-graph\">{\"@context\":\"https:\\\/\\\/schema.org\",\"@graph\":[{\"@type\":\"WebPage\",\"@id\":\"https:\\\/\\\/urban-history.eu\\\/de\\\/orte\",\"url\":\"https:\\\/\\\/urban-history.eu\\\/de\\\/orte\",\"name\":\"Orte - urban history\",\"isPartOf\":{\"@id\":\"https:\\\/\\\/urban-history.eu\\\/#website\"},\"primaryImageOfPage\":{\"@id\":\"https:\\\/\\\/urban-history.eu\\\/de\\\/orte#primaryimage\"},\"image\":{\"@id\":\"https:\\\/\\\/urban-history.eu\\\/de\\\/orte#primaryimage\"},\"thumbnailUrl\":\"https:\\\/\\\/urban-history.eu\\\/wp-content\\\/uploads\\\/2020\\\/02\\\/locations.jpg\",\"datePublished\":\"2020-01-29T21:52:16+00:00\",\"dateModified\":\"2020-06-02T15:53:30+00:00\",\"breadcrumb\":{\"@id\":\"https:\\\/\\\/urban-history.eu\\\/de\\\/orte#breadcrumb\"},\"inLanguage\":\"de\",\"potentialAction\":[{\"@type\":\"ReadAction\",\"target\":[\"https:\\\/\\\/urban-history.eu\\\/de\\\/orte\"]}]},{\"@type\":\"ImageObject\",\"inLanguage\":\"de\",\"@id\":\"https:\\\/\\\/urban-history.eu\\\/de\\\/orte#primaryimage\",\"url\":\"https:\\\/\\\/urban-history.eu\\\/wp-content\\\/uploads\\\/2020\\\/02\\\/locations.jpg\",\"contentUrl\":\"https:\\\/\\\/urban-history.eu\\\/wp-content\\\/uploads\\\/2020\\\/02\\\/locations.jpg\",\"width\":1800,\"height\":578},{\"@type\":\"BreadcrumbList\",\"@id\":\"https:\\\/\\\/urban-history.eu\\\/de\\\/orte#breadcrumb\",\"itemListElement\":[{\"@type\":\"ListItem\",\"position\":1,\"name\":\"Startseite\",\"item\":\"https:\\\/\\\/urban-history.eu\\\/de\"},{\"@type\":\"ListItem\",\"position\":2,\"name\":\"Orte\"}]},{\"@type\":\"WebSite\",\"@id\":\"https:\\\/\\\/urban-history.eu\\\/#website\",\"url\":\"https:\\\/\\\/urban-history.eu\\\/\",\"name\":\"urban history\",\"description\":\"Dr. Markus Urban &amp; Daniel G\u00fcrtler GbR\",\"potentialAction\":[{\"@type\":\"SearchAction\",\"target\":{\"@type\":\"EntryPoint\",\"urlTemplate\":\"https:\\\/\\\/urban-history.eu\\\/?s={search_term_string}\"},\"query-input\":{\"@type\":\"PropertyValueSpecification\",\"valueRequired\":true,\"valueName\":\"search_term_string\"}}],\"inLanguage\":\"de\"}]}<\/script>\n<!-- \/ Yoast SEO plugin. -->","yoast_head_json":{"title":"Orte - urban history","robots":{"index":"index","follow":"follow","max-snippet":"max-snippet:-1","max-image-preview":"max-image-preview:large","max-video-preview":"max-video-preview:-1"},"canonical":"https:\/\/urban-history.eu\/de\/orte","og_locale":"de_DE","og_type":"article","og_title":"Orte - urban history","og_description":"Orte \u2013 wir sind \u00fcberall Wir verf\u00fcgen \u00fcber ein breit gef\u00e4chertes Netzwerk von Referenten an zahlreichen Standorten in sechs europ\u00e4ischen L\u00e4ndern. Dadurch k\u00f6nnen wir nicht nur s\u00e4mtliche Destinationen zwischen Amsterdam, Basel und Budapest bedienen, sondern auch nahezu alle Fahrstrecken unterwegs. Wir kennen jede Schleuse an Rhein, Main, Donau und Mosel aus eigener Erfahrung. \u00dcber den [&hellip;]","og_url":"https:\/\/urban-history.eu\/de\/orte","og_site_name":"urban history","article_modified_time":"2020-06-02T15:53:30+00:00","og_image":[{"width":1800,"height":578,"url":"https:\/\/urban-history.eu\/wp-content\/uploads\/2020\/02\/locations.jpg","type":"image\/jpeg"}],"twitter_card":"summary_large_image","schema":{"@context":"https:\/\/schema.org","@graph":[{"@type":"WebPage","@id":"https:\/\/urban-history.eu\/de\/orte","url":"https:\/\/urban-history.eu\/de\/orte","name":"Orte - urban history","isPartOf":{"@id":"https:\/\/urban-history.eu\/#website"},"primaryImageOfPage":{"@id":"https:\/\/urban-history.eu\/de\/orte#primaryimage"},"image":{"@id":"https:\/\/urban-history.eu\/de\/orte#primaryimage"},"thumbnailUrl":"https:\/\/urban-history.eu\/wp-content\/uploads\/2020\/02\/locations.jpg","datePublished":"2020-01-29T21:52:16+00:00","dateModified":"2020-06-02T15:53:30+00:00","breadcrumb":{"@id":"https:\/\/urban-history.eu\/de\/orte#breadcrumb"},"inLanguage":"de","potentialAction":[{"@type":"ReadAction","target":["https:\/\/urban-history.eu\/de\/orte"]}]},{"@type":"ImageObject","inLanguage":"de","@id":"https:\/\/urban-history.eu\/de\/orte#primaryimage","url":"https:\/\/urban-history.eu\/wp-content\/uploads\/2020\/02\/locations.jpg","contentUrl":"https:\/\/urban-history.eu\/wp-content\/uploads\/2020\/02\/locations.jpg","width":1800,"height":578},{"@type":"BreadcrumbList","@id":"https:\/\/urban-history.eu\/de\/orte#breadcrumb","itemListElement":[{"@type":"ListItem","position":1,"name":"Startseite","item":"https:\/\/urban-history.eu\/de"},{"@type":"ListItem","position":2,"name":"Orte"}]},{"@type":"WebSite","@id":"https:\/\/urban-history.eu\/#website","url":"https:\/\/urban-history.eu\/","name":"urban history","description":"Dr. Markus Urban &amp; Daniel G\u00fcrtler GbR","potentialAction":[{"@type":"SearchAction","target":{"@type":"EntryPoint","urlTemplate":"https:\/\/urban-history.eu\/?s={search_term_string}"},"query-input":{"@type":"PropertyValueSpecification","valueRequired":true,"valueName":"search_term_string"}}],"inLanguage":"de"}]}},"_links":{"self":[{"href":"https:\/\/urban-history.eu\/de\/wp-json\/wp\/v2\/pages\/207","targetHints":{"allow":["GET"]}}],"collection":[{"href":"https:\/\/urban-history.eu\/de\/wp-json\/wp\/v2\/pages"}],"about":[{"href":"https:\/\/urban-history.eu\/de\/wp-json\/wp\/v2\/types\/page"}],"author":[{"embeddable":true,"href":"https:\/\/urban-history.eu\/de\/wp-json\/wp\/v2\/users\/1"}],"replies":[{"embeddable":true,"href":"https:\/\/urban-history.eu\/de\/wp-json\/wp\/v2\/comments?post=207"}],"version-history":[{"count":2,"href":"https:\/\/urban-history.eu\/de\/wp-json\/wp\/v2\/pages\/207\/revisions"}],"predecessor-version":[{"id":236,"href":"https:\/\/urban-history.eu\/de\/wp-json\/wp\/v2\/pages\/207\/revisions\/236"}],"wp:featuredmedia":[{"embeddable":true,"href":"https:\/\/urban-history.eu\/de\/wp-json\/wp\/v2\/media\/169"}],"wp:attachment":[{"href":"https:\/\/urban-history.eu\/de\/wp-json\/wp\/v2\/media?parent=207"}],"curies":[{"name":"wp","href":"https:\/\/api.w.org\/{rel}","templated":true}]}}