{"id":210,"date":"2020-01-29T22:52:23","date_gmt":"2020-01-29T21:52:23","guid":{"rendered":"https:\/\/urban-history.eu\/topics"},"modified":"2020-06-02T17:57:41","modified_gmt":"2020-06-02T15:57:41","slug":"themen","status":"publish","type":"page","link":"https:\/\/urban-history.eu\/de\/themen","title":{"rendered":"Unsere Themen"},"content":{"rendered":"\n<h1 class=\"has-text-align-center wp-block-heading\"><strong>Unsere Themen<\/strong><\/h1>\n\n\n\n<div class=\"wp-block-columns is-layout-flex wp-container-core-columns-is-layout-9d6595d7 wp-block-columns-is-layout-flex\">\n<div class=\"wp-block-column is-layout-flow wp-block-column-is-layout-flow\">\n<p>Unsere Vortr\u00e4ge zur Kulturgeschichte von Rhein und Donau behandeln historische, geographische und politische Aspekte, die wir mit den besuchten Orten der jeweiligen Flusskreuzfahrt in Verbindung setzen. Dadurch schaffen wir einen Rahmen f\u00fcr die vielen Eindr\u00fccke einer Reise und setzen einzelne Informationen zu einem Gesamtbild zusammen.<\/p>\n\n\n\n<p>Als Autoren des Buches \u201eDer Main-Donau-Kanal. Idee \u2013 Geschichte \u2013 Technik\u201c sind wir zudem die ausgewiesenen Experten f\u00fcr die k\u00fcnstliche Wasserstra\u00dfe, die alle Flusskreuzfahrtschiffe zwischen Bamberg, N\u00fcrnberg und Regensburg befahren.<\/p>\n\n\n\n<p><\/p>\n<\/div>\n\n\n\n<div class=\"wp-block-column is-layout-flow wp-block-column-is-layout-flow\">\n<p>Regelm\u00e4\u00dfig erweitern wir unser Repertoire, indem wir Jahrestage wichtiger historischer Ereignisse, wie etwa das Reformationsjubil\u00e4um 2017, aufgreifen. Von sozialen und kulturellen Entwicklungen der Gegenwart lassen wir uns ebenso inspirieren wie von wichtigen Trends in Politik und Wirtschaft. Gerne erstellen wir auch ma\u00dfgeschneiderte Bordprogramme auf Wunsch eines einzelnen Auftraggebers.<\/p>\n\n\n\n<p>Eine eher unkonventionelle, mit allen Sinnen erlebbare Erfahrung, bietet unser Spezialprogramm \u201eMade in N\u00fcrnberg \u2013 500 Jahre Handwerkstradition im Herzen Europas\u201c.<\/p>\n\n\n\n<p><\/p>\n<\/div>\n\n\n\n<div class=\"wp-block-column is-layout-flow wp-block-column-is-layout-flow\">\n<p>Neben den jeweiligen Vortr\u00e4gen selbst bedeutet auch die direkte Interaktion mit den G\u00e4sten eine echte Bereicherung f\u00fcr jede Reise. Im Anschluss findet stets eine Frage-Antwort-Runde statt, auf die h\u00e4ufig eine Diskussion oder l\u00e4ngere pers\u00f6nliche Gespr\u00e4che folgen.<\/p>\n\n\n\n<p>Neben unseren deutschen Vortr\u00e4gen bieten wir ein umfangreiches Programm in englischer Sprache zu Themen wie der Europ\u00e4ischen Union, den deutsch-franz\u00f6sischen Beziehungen oder der Habsburger Doppelmonarchie an. Dar\u00fcber hinaus f\u00fchren wir in mehreren bayerischen St\u00e4dten Bierverkostungen durch, die den G\u00e4sten Tradition und Geschmack des ber\u00fchmtesten Getr\u00e4nks S\u00fcddeutschlands nahebringen.<\/p>\n<\/div>\n<\/div>\n","protected":false},"excerpt":{"rendered":"<p>Unsere Themen Unsere Vortr\u00e4ge zur Kulturgeschichte von Rhein und Donau behandeln historische, geographische und politische Aspekte, die wir mit den besuchten Orten der jeweiligen Flusskreuzfahrt in Verbindung setzen. Dadurch schaffen wir einen Rahmen f\u00fcr die vielen Eindr\u00fccke einer Reise und setzen einzelne Informationen zu einem Gesamtbild zusammen. Als Autoren des Buches \u201eDer Main-Donau-Kanal. Idee \u2013 [&hellip;]<\/p>\n","protected":false},"author":1,"featured_media":170,"parent":0,"menu_order":0,"comment_status":"closed","ping_status":"closed","template":"","meta":{"footnotes":""},"class_list":["post-210","page","type-page","status-publish","has-post-thumbnail","hentry"],"yoast_head":"<!-- This site is optimized with the Yoast SEO plugin v27.4 - https:\/\/yoast.com\/product\/yoast-seo-wordpress\/ -->\n<title>Unsere Themen - urban history<\/title>\n<meta name=\"robots\" content=\"index, follow, max-snippet:-1, max-image-preview:large, max-video-preview:-1\" \/>\n<link rel=\"canonical\" href=\"https:\/\/urban-history.eu\/de\/themen\" \/>\n<meta property=\"og:locale\" content=\"de_DE\" \/>\n<meta property=\"og:type\" content=\"article\" \/>\n<meta property=\"og:title\" content=\"Unsere Themen - urban history\" \/>\n<meta property=\"og:description\" content=\"Unsere Themen Unsere Vortr\u00e4ge zur Kulturgeschichte von Rhein und Donau behandeln historische, geographische und politische Aspekte, die wir mit den besuchten Orten der jeweiligen Flusskreuzfahrt in Verbindung setzen. Dadurch schaffen wir einen Rahmen f\u00fcr die vielen Eindr\u00fccke einer Reise und setzen einzelne Informationen zu einem Gesamtbild zusammen. Als Autoren des Buches \u201eDer Main-Donau-Kanal. Idee \u2013 [&hellip;]\" \/>\n<meta property=\"og:url\" content=\"https:\/\/urban-history.eu\/de\/themen\" \/>\n<meta property=\"og:site_name\" content=\"urban history\" \/>\n<meta property=\"article:modified_time\" content=\"2020-06-02T15:57:41+00:00\" \/>\n<meta property=\"og:image\" content=\"https:\/\/urban-history.eu\/wp-content\/uploads\/2020\/02\/topics.jpg\" \/>\n\t<meta property=\"og:image:width\" content=\"1800\" \/>\n\t<meta property=\"og:image:height\" content=\"578\" \/>\n\t<meta property=\"og:image:type\" content=\"image\/jpeg\" \/>\n<meta name=\"twitter:card\" content=\"summary_large_image\" \/>\n<meta name=\"twitter:label1\" content=\"Gesch\u00e4tzte Lesezeit\" \/>\n\t<meta name=\"twitter:data1\" content=\"1\u00a0Minute\" \/>\n<script type=\"application\/ld+json\" class=\"yoast-schema-graph\">{\"@context\":\"https:\\\/\\\/schema.org\",\"@graph\":[{\"@type\":\"WebPage\",\"@id\":\"https:\\\/\\\/urban-history.eu\\\/de\\\/themen\",\"url\":\"https:\\\/\\\/urban-history.eu\\\/de\\\/themen\",\"name\":\"Unsere Themen - urban history\",\"isPartOf\":{\"@id\":\"https:\\\/\\\/urban-history.eu\\\/#website\"},\"primaryImageOfPage\":{\"@id\":\"https:\\\/\\\/urban-history.eu\\\/de\\\/themen#primaryimage\"},\"image\":{\"@id\":\"https:\\\/\\\/urban-history.eu\\\/de\\\/themen#primaryimage\"},\"thumbnailUrl\":\"https:\\\/\\\/urban-history.eu\\\/wp-content\\\/uploads\\\/2020\\\/02\\\/topics.jpg\",\"datePublished\":\"2020-01-29T21:52:23+00:00\",\"dateModified\":\"2020-06-02T15:57:41+00:00\",\"breadcrumb\":{\"@id\":\"https:\\\/\\\/urban-history.eu\\\/de\\\/themen#breadcrumb\"},\"inLanguage\":\"de\",\"potentialAction\":[{\"@type\":\"ReadAction\",\"target\":[\"https:\\\/\\\/urban-history.eu\\\/de\\\/themen\"]}]},{\"@type\":\"ImageObject\",\"inLanguage\":\"de\",\"@id\":\"https:\\\/\\\/urban-history.eu\\\/de\\\/themen#primaryimage\",\"url\":\"https:\\\/\\\/urban-history.eu\\\/wp-content\\\/uploads\\\/2020\\\/02\\\/topics.jpg\",\"contentUrl\":\"https:\\\/\\\/urban-history.eu\\\/wp-content\\\/uploads\\\/2020\\\/02\\\/topics.jpg\",\"width\":1800,\"height\":578},{\"@type\":\"BreadcrumbList\",\"@id\":\"https:\\\/\\\/urban-history.eu\\\/de\\\/themen#breadcrumb\",\"itemListElement\":[{\"@type\":\"ListItem\",\"position\":1,\"name\":\"Startseite\",\"item\":\"https:\\\/\\\/urban-history.eu\\\/de\"},{\"@type\":\"ListItem\",\"position\":2,\"name\":\"Unsere Themen\"}]},{\"@type\":\"WebSite\",\"@id\":\"https:\\\/\\\/urban-history.eu\\\/#website\",\"url\":\"https:\\\/\\\/urban-history.eu\\\/\",\"name\":\"urban history\",\"description\":\"Dr. Markus Urban &amp; Daniel G\u00fcrtler GbR\",\"potentialAction\":[{\"@type\":\"SearchAction\",\"target\":{\"@type\":\"EntryPoint\",\"urlTemplate\":\"https:\\\/\\\/urban-history.eu\\\/?s={search_term_string}\"},\"query-input\":{\"@type\":\"PropertyValueSpecification\",\"valueRequired\":true,\"valueName\":\"search_term_string\"}}],\"inLanguage\":\"de\"}]}<\/script>\n<!-- \/ Yoast SEO plugin. -->","yoast_head_json":{"title":"Unsere Themen - urban history","robots":{"index":"index","follow":"follow","max-snippet":"max-snippet:-1","max-image-preview":"max-image-preview:large","max-video-preview":"max-video-preview:-1"},"canonical":"https:\/\/urban-history.eu\/de\/themen","og_locale":"de_DE","og_type":"article","og_title":"Unsere Themen - urban history","og_description":"Unsere Themen Unsere Vortr\u00e4ge zur Kulturgeschichte von Rhein und Donau behandeln historische, geographische und politische Aspekte, die wir mit den besuchten Orten der jeweiligen Flusskreuzfahrt in Verbindung setzen. Dadurch schaffen wir einen Rahmen f\u00fcr die vielen Eindr\u00fccke einer Reise und setzen einzelne Informationen zu einem Gesamtbild zusammen. Als Autoren des Buches \u201eDer Main-Donau-Kanal. Idee \u2013 [&hellip;]","og_url":"https:\/\/urban-history.eu\/de\/themen","og_site_name":"urban history","article_modified_time":"2020-06-02T15:57:41+00:00","og_image":[{"width":1800,"height":578,"url":"https:\/\/urban-history.eu\/wp-content\/uploads\/2020\/02\/topics.jpg","type":"image\/jpeg"}],"twitter_card":"summary_large_image","twitter_misc":{"Gesch\u00e4tzte Lesezeit":"1\u00a0Minute"},"schema":{"@context":"https:\/\/schema.org","@graph":[{"@type":"WebPage","@id":"https:\/\/urban-history.eu\/de\/themen","url":"https:\/\/urban-history.eu\/de\/themen","name":"Unsere Themen - urban history","isPartOf":{"@id":"https:\/\/urban-history.eu\/#website"},"primaryImageOfPage":{"@id":"https:\/\/urban-history.eu\/de\/themen#primaryimage"},"image":{"@id":"https:\/\/urban-history.eu\/de\/themen#primaryimage"},"thumbnailUrl":"https:\/\/urban-history.eu\/wp-content\/uploads\/2020\/02\/topics.jpg","datePublished":"2020-01-29T21:52:23+00:00","dateModified":"2020-06-02T15:57:41+00:00","breadcrumb":{"@id":"https:\/\/urban-history.eu\/de\/themen#breadcrumb"},"inLanguage":"de","potentialAction":[{"@type":"ReadAction","target":["https:\/\/urban-history.eu\/de\/themen"]}]},{"@type":"ImageObject","inLanguage":"de","@id":"https:\/\/urban-history.eu\/de\/themen#primaryimage","url":"https:\/\/urban-history.eu\/wp-content\/uploads\/2020\/02\/topics.jpg","contentUrl":"https:\/\/urban-history.eu\/wp-content\/uploads\/2020\/02\/topics.jpg","width":1800,"height":578},{"@type":"BreadcrumbList","@id":"https:\/\/urban-history.eu\/de\/themen#breadcrumb","itemListElement":[{"@type":"ListItem","position":1,"name":"Startseite","item":"https:\/\/urban-history.eu\/de"},{"@type":"ListItem","position":2,"name":"Unsere Themen"}]},{"@type":"WebSite","@id":"https:\/\/urban-history.eu\/#website","url":"https:\/\/urban-history.eu\/","name":"urban history","description":"Dr. Markus Urban &amp; Daniel G\u00fcrtler GbR","potentialAction":[{"@type":"SearchAction","target":{"@type":"EntryPoint","urlTemplate":"https:\/\/urban-history.eu\/?s={search_term_string}"},"query-input":{"@type":"PropertyValueSpecification","valueRequired":true,"valueName":"search_term_string"}}],"inLanguage":"de"}]}},"_links":{"self":[{"href":"https:\/\/urban-history.eu\/de\/wp-json\/wp\/v2\/pages\/210","targetHints":{"allow":["GET"]}}],"collection":[{"href":"https:\/\/urban-history.eu\/de\/wp-json\/wp\/v2\/pages"}],"about":[{"href":"https:\/\/urban-history.eu\/de\/wp-json\/wp\/v2\/types\/page"}],"author":[{"embeddable":true,"href":"https:\/\/urban-history.eu\/de\/wp-json\/wp\/v2\/users\/1"}],"replies":[{"embeddable":true,"href":"https:\/\/urban-history.eu\/de\/wp-json\/wp\/v2\/comments?post=210"}],"version-history":[{"count":2,"href":"https:\/\/urban-history.eu\/de\/wp-json\/wp\/v2\/pages\/210\/revisions"}],"predecessor-version":[{"id":240,"href":"https:\/\/urban-history.eu\/de\/wp-json\/wp\/v2\/pages\/210\/revisions\/240"}],"wp:featuredmedia":[{"embeddable":true,"href":"https:\/\/urban-history.eu\/de\/wp-json\/wp\/v2\/media\/170"}],"wp:attachment":[{"href":"https:\/\/urban-history.eu\/de\/wp-json\/wp\/v2\/media?parent=210"}],"curies":[{"name":"wp","href":"https:\/\/api.w.org\/{rel}","templated":true}]}}