{"id":213,"date":"2020-01-29T22:52:32","date_gmt":"2020-01-29T21:52:32","guid":{"rendered":"https:\/\/urban-history.eu\/why-us"},"modified":"2020-06-01T20:56:45","modified_gmt":"2020-06-01T18:56:45","slug":"warum-wir","status":"publish","type":"page","link":"https:\/\/urban-history.eu\/de\/warum-wir","title":{"rendered":"Warum wir"},"content":{"rendered":"\n<h1 class=\"has-text-align-center wp-block-heading\"><strong>Warum wir<\/strong><\/h1>\n\n\n\n<div class=\"wp-block-columns is-layout-flex wp-container-core-columns-is-layout-9d6595d7 wp-block-columns-is-layout-flex\">\n<div class=\"wp-block-column is-layout-flow wp-block-column-is-layout-flow\">\n<p>urban history ist der f\u00fchrende Dienstleister f\u00fcr deutsch- und englischsprachige Vortr\u00e4ge an Bord von Flusskreuzfahrtschiffen in Europa. Seit 1999 pr\u00e4sentieren wir eine vielf\u00e4ltige Auswahl an Themen mit historischem Hintergrund und aktuellen Bez\u00fcgen.<br>Mit unserem Team von \u00fcber 30 professionellen Referenten k\u00f6nnen wir in jedem Flusshafen zwischen Amsterdam, Basel and Budapest Vortr\u00e4ge anbieten \u2013 und selbstverst\u00e4ndlich auch auf dem fahrenden Schiff unterwegs.<\/p>\n<\/div>\n\n\n\n<div class=\"wp-block-column is-layout-flow wp-block-column-is-layout-flow\">\n<p>Unsere St\u00e4rke ist es seit jeher, komplexe Zusammenh\u00e4nge unterhaltsam zu pr\u00e4sentieren und so zu vereinfachen, dass sie f\u00fcr alle G\u00e4ste gut zu verstehen sind. Aufgrund unserer langj\u00e4hrigen Erfahrung k\u00f6nnen wir auch kontroverse Themen so aufbereiten, dass alle Zuh\u00f6rer unabh\u00e4ngig von ihrem Vorwissen und ihren politischen \u00dcberzeugungen davon profitieren. Besucher mit ganz unterschiedlichem Hintergrund berichten uns immer wieder, dass wir ihnen neue, \u00fcberraschende Zug\u00e4nge zu Geschichte und Gegenwart der besuchten Region er\u00f6ffnet haben.&nbsp;<\/p>\n<\/div>\n\n\n\n<div class=\"wp-block-column is-layout-flow wp-block-column-is-layout-flow\">\n<p>Wir sind stolz darauf, auch die gr\u00f6\u00dften logistischen Herausforderungen zu bew\u00e4ltigen, die der Verkehr entlang der europ\u00e4ischen Wasserwege mit sich bringt. Im Falle kurzfristiger \u00c4nderungen \u2013 etwa bei Hoch- oder Niedrigwasser \u2013 reagieren wir flexibel und schnell. Wir sind nahezu rund um die Uhr f\u00fcr Sie da und finden gemeinsam mit den Reiseleitern an Bord f\u00fcr jedes Problem eine L\u00f6sung. Um ein Schiff zu erreichen, nutzen wir alle verf\u00fcgbaren Verkehrsmittel: Z\u00fcge, Flugzeuge, das Auto und nat\u00fcrlich unsere Faltfahrr\u00e4der, die seit vielen Jahren unser Markenzeichen sind.<\/p>\n<\/div>\n<\/div>\n","protected":false},"excerpt":{"rendered":"<p>Warum wir urban history ist der f\u00fchrende Dienstleister f\u00fcr deutsch- und englischsprachige Vortr\u00e4ge an Bord von Flusskreuzfahrtschiffen in Europa. Seit 1999 pr\u00e4sentieren wir eine vielf\u00e4ltige Auswahl an Themen mit historischem Hintergrund und aktuellen Bez\u00fcgen.Mit unserem Team von \u00fcber 30 professionellen Referenten k\u00f6nnen wir in jedem Flusshafen zwischen Amsterdam, Basel and Budapest Vortr\u00e4ge anbieten \u2013 und [&hellip;]<\/p>\n","protected":false},"author":1,"featured_media":176,"parent":0,"menu_order":0,"comment_status":"closed","ping_status":"closed","template":"","meta":{"footnotes":""},"class_list":["post-213","page","type-page","status-publish","has-post-thumbnail","hentry"],"yoast_head":"<!-- This site is optimized with the Yoast SEO plugin v27.5 - https:\/\/yoast.com\/product\/yoast-seo-wordpress\/ -->\n<title>Warum wir - urban history<\/title>\n<meta name=\"robots\" content=\"index, follow, max-snippet:-1, max-image-preview:large, max-video-preview:-1\" \/>\n<link rel=\"canonical\" href=\"https:\/\/urban-history.eu\/de\/warum-wir\" \/>\n<meta property=\"og:locale\" content=\"de_DE\" \/>\n<meta property=\"og:type\" content=\"article\" \/>\n<meta property=\"og:title\" content=\"Warum wir - urban history\" \/>\n<meta property=\"og:description\" content=\"Warum wir urban history ist der f\u00fchrende Dienstleister f\u00fcr deutsch- und englischsprachige Vortr\u00e4ge an Bord von Flusskreuzfahrtschiffen in Europa. Seit 1999 pr\u00e4sentieren wir eine vielf\u00e4ltige Auswahl an Themen mit historischem Hintergrund und aktuellen Bez\u00fcgen.Mit unserem Team von \u00fcber 30 professionellen Referenten k\u00f6nnen wir in jedem Flusshafen zwischen Amsterdam, Basel and Budapest Vortr\u00e4ge anbieten \u2013 und [&hellip;]\" \/>\n<meta property=\"og:url\" content=\"https:\/\/urban-history.eu\/de\/warum-wir\" \/>\n<meta property=\"og:site_name\" content=\"urban history\" \/>\n<meta property=\"article:modified_time\" content=\"2020-06-01T18:56:45+00:00\" \/>\n<meta property=\"og:image\" content=\"https:\/\/urban-history.eu\/wp-content\/uploads\/2020\/03\/why-us.jpg\" \/>\n\t<meta property=\"og:image:width\" content=\"1800\" \/>\n\t<meta property=\"og:image:height\" content=\"578\" \/>\n\t<meta property=\"og:image:type\" content=\"image\/jpeg\" \/>\n<meta name=\"twitter:card\" content=\"summary_large_image\" \/>\n<meta name=\"twitter:label1\" content=\"Gesch\u00e4tzte Lesezeit\" \/>\n\t<meta name=\"twitter:data1\" content=\"1\u00a0Minute\" \/>\n<script type=\"application\/ld+json\" class=\"yoast-schema-graph\">{\"@context\":\"https:\\\/\\\/schema.org\",\"@graph\":[{\"@type\":\"WebPage\",\"@id\":\"https:\\\/\\\/urban-history.eu\\\/de\\\/warum-wir\",\"url\":\"https:\\\/\\\/urban-history.eu\\\/de\\\/warum-wir\",\"name\":\"Warum wir - urban history\",\"isPartOf\":{\"@id\":\"https:\\\/\\\/urban-history.eu\\\/#website\"},\"primaryImageOfPage\":{\"@id\":\"https:\\\/\\\/urban-history.eu\\\/de\\\/warum-wir#primaryimage\"},\"image\":{\"@id\":\"https:\\\/\\\/urban-history.eu\\\/de\\\/warum-wir#primaryimage\"},\"thumbnailUrl\":\"https:\\\/\\\/urban-history.eu\\\/wp-content\\\/uploads\\\/2020\\\/03\\\/why-us.jpg\",\"datePublished\":\"2020-01-29T21:52:32+00:00\",\"dateModified\":\"2020-06-01T18:56:45+00:00\",\"breadcrumb\":{\"@id\":\"https:\\\/\\\/urban-history.eu\\\/de\\\/warum-wir#breadcrumb\"},\"inLanguage\":\"de\",\"potentialAction\":[{\"@type\":\"ReadAction\",\"target\":[\"https:\\\/\\\/urban-history.eu\\\/de\\\/warum-wir\"]}]},{\"@type\":\"ImageObject\",\"inLanguage\":\"de\",\"@id\":\"https:\\\/\\\/urban-history.eu\\\/de\\\/warum-wir#primaryimage\",\"url\":\"https:\\\/\\\/urban-history.eu\\\/wp-content\\\/uploads\\\/2020\\\/03\\\/why-us.jpg\",\"contentUrl\":\"https:\\\/\\\/urban-history.eu\\\/wp-content\\\/uploads\\\/2020\\\/03\\\/why-us.jpg\",\"width\":1800,\"height\":578},{\"@type\":\"BreadcrumbList\",\"@id\":\"https:\\\/\\\/urban-history.eu\\\/de\\\/warum-wir#breadcrumb\",\"itemListElement\":[{\"@type\":\"ListItem\",\"position\":1,\"name\":\"Startseite\",\"item\":\"https:\\\/\\\/urban-history.eu\\\/de\"},{\"@type\":\"ListItem\",\"position\":2,\"name\":\"Warum wir\"}]},{\"@type\":\"WebSite\",\"@id\":\"https:\\\/\\\/urban-history.eu\\\/#website\",\"url\":\"https:\\\/\\\/urban-history.eu\\\/\",\"name\":\"urban history\",\"description\":\"Dr. Markus Urban &amp; Daniel G\u00fcrtler GbR\",\"potentialAction\":[{\"@type\":\"SearchAction\",\"target\":{\"@type\":\"EntryPoint\",\"urlTemplate\":\"https:\\\/\\\/urban-history.eu\\\/?s={search_term_string}\"},\"query-input\":{\"@type\":\"PropertyValueSpecification\",\"valueRequired\":true,\"valueName\":\"search_term_string\"}}],\"inLanguage\":\"de\"}]}<\/script>\n<!-- \/ Yoast SEO plugin. -->","yoast_head_json":{"title":"Warum wir - urban history","robots":{"index":"index","follow":"follow","max-snippet":"max-snippet:-1","max-image-preview":"max-image-preview:large","max-video-preview":"max-video-preview:-1"},"canonical":"https:\/\/urban-history.eu\/de\/warum-wir","og_locale":"de_DE","og_type":"article","og_title":"Warum wir - urban history","og_description":"Warum wir urban history ist der f\u00fchrende Dienstleister f\u00fcr deutsch- und englischsprachige Vortr\u00e4ge an Bord von Flusskreuzfahrtschiffen in Europa. Seit 1999 pr\u00e4sentieren wir eine vielf\u00e4ltige Auswahl an Themen mit historischem Hintergrund und aktuellen Bez\u00fcgen.Mit unserem Team von \u00fcber 30 professionellen Referenten k\u00f6nnen wir in jedem Flusshafen zwischen Amsterdam, Basel and Budapest Vortr\u00e4ge anbieten \u2013 und [&hellip;]","og_url":"https:\/\/urban-history.eu\/de\/warum-wir","og_site_name":"urban history","article_modified_time":"2020-06-01T18:56:45+00:00","og_image":[{"width":1800,"height":578,"url":"https:\/\/urban-history.eu\/wp-content\/uploads\/2020\/03\/why-us.jpg","type":"image\/jpeg"}],"twitter_card":"summary_large_image","twitter_misc":{"Gesch\u00e4tzte Lesezeit":"1\u00a0Minute"},"schema":{"@context":"https:\/\/schema.org","@graph":[{"@type":"WebPage","@id":"https:\/\/urban-history.eu\/de\/warum-wir","url":"https:\/\/urban-history.eu\/de\/warum-wir","name":"Warum wir - urban history","isPartOf":{"@id":"https:\/\/urban-history.eu\/#website"},"primaryImageOfPage":{"@id":"https:\/\/urban-history.eu\/de\/warum-wir#primaryimage"},"image":{"@id":"https:\/\/urban-history.eu\/de\/warum-wir#primaryimage"},"thumbnailUrl":"https:\/\/urban-history.eu\/wp-content\/uploads\/2020\/03\/why-us.jpg","datePublished":"2020-01-29T21:52:32+00:00","dateModified":"2020-06-01T18:56:45+00:00","breadcrumb":{"@id":"https:\/\/urban-history.eu\/de\/warum-wir#breadcrumb"},"inLanguage":"de","potentialAction":[{"@type":"ReadAction","target":["https:\/\/urban-history.eu\/de\/warum-wir"]}]},{"@type":"ImageObject","inLanguage":"de","@id":"https:\/\/urban-history.eu\/de\/warum-wir#primaryimage","url":"https:\/\/urban-history.eu\/wp-content\/uploads\/2020\/03\/why-us.jpg","contentUrl":"https:\/\/urban-history.eu\/wp-content\/uploads\/2020\/03\/why-us.jpg","width":1800,"height":578},{"@type":"BreadcrumbList","@id":"https:\/\/urban-history.eu\/de\/warum-wir#breadcrumb","itemListElement":[{"@type":"ListItem","position":1,"name":"Startseite","item":"https:\/\/urban-history.eu\/de"},{"@type":"ListItem","position":2,"name":"Warum wir"}]},{"@type":"WebSite","@id":"https:\/\/urban-history.eu\/#website","url":"https:\/\/urban-history.eu\/","name":"urban history","description":"Dr. Markus Urban &amp; Daniel G\u00fcrtler GbR","potentialAction":[{"@type":"SearchAction","target":{"@type":"EntryPoint","urlTemplate":"https:\/\/urban-history.eu\/?s={search_term_string}"},"query-input":{"@type":"PropertyValueSpecification","valueRequired":true,"valueName":"search_term_string"}}],"inLanguage":"de"}]}},"_links":{"self":[{"href":"https:\/\/urban-history.eu\/de\/wp-json\/wp\/v2\/pages\/213","targetHints":{"allow":["GET"]}}],"collection":[{"href":"https:\/\/urban-history.eu\/de\/wp-json\/wp\/v2\/pages"}],"about":[{"href":"https:\/\/urban-history.eu\/de\/wp-json\/wp\/v2\/types\/page"}],"author":[{"embeddable":true,"href":"https:\/\/urban-history.eu\/de\/wp-json\/wp\/v2\/users\/1"}],"replies":[{"embeddable":true,"href":"https:\/\/urban-history.eu\/de\/wp-json\/wp\/v2\/comments?post=213"}],"version-history":[{"count":2,"href":"https:\/\/urban-history.eu\/de\/wp-json\/wp\/v2\/pages\/213\/revisions"}],"predecessor-version":[{"id":234,"href":"https:\/\/urban-history.eu\/de\/wp-json\/wp\/v2\/pages\/213\/revisions\/234"}],"wp:featuredmedia":[{"embeddable":true,"href":"https:\/\/urban-history.eu\/de\/wp-json\/wp\/v2\/media\/176"}],"wp:attachment":[{"href":"https:\/\/urban-history.eu\/de\/wp-json\/wp\/v2\/media?parent=213"}],"curies":[{"name":"wp","href":"https:\/\/api.w.org\/{rel}","templated":true}]}}